{"id":1238,"date":"2018-01-23T09:25:15","date_gmt":"2018-01-23T11:25:15","guid":{"rendered":"https:\/\/www.ciddic.unicamp.br\/ciddic\/?page_id=1238"},"modified":"2026-01-23T09:51:05","modified_gmt":"2026-01-23T12:51:05","slug":"inscricoes","status":"publish","type":"page","link":"https:\/\/www.ciddic.unicamp.br\/ciddic\/elm\/inscricoes\/","title":{"rendered":"INSCRI\u00c7\u00d5ES CURSOS ELM"},"content":{"rendered":"\n<p><strong>Inscri\u00e7\u00f5es na Escola Livre de M\u00fasica<\/strong><\/p>\n\n\n\n<p>As inscri\u00e7\u00f5es para os cursos e atividades da Escola Livre de M\u00fasica (ELM) ocorrem por meio de chamadas p\u00fablicas, divulgadas periodicamente neste site e nos canais institucionais da Escola.<\/p>\n\n\n\n<p>A oferta de cursos, o n\u00famero de vagas e os crit\u00e9rios de participa\u00e7\u00e3o variam de acordo com o planejamento anual, a disponibilidade de instrutores, os espa\u00e7os dispon\u00edveis e as diretrizes institucionais da Unicamp.<\/p>\n\n\n\n<hr class=\"wp-block-separator has-alpha-channel-opacity is-style-wide\"\/>\n\n\n\n<p><strong>Como participar<\/strong><\/p>\n\n\n\n<p>De modo geral, o processo de inscri\u00e7\u00e3o envolve:<\/p>\n\n\n\n<ul class=\"wp-block-list\">\n<li>publica\u00e7\u00e3o de um edital ou chamada p\u00fablica;<\/li>\n\n\n\n<li>per\u00edodo de inscri\u00e7\u00e3o on-line;<\/li>\n\n\n\n<li>crit\u00e9rios de sele\u00e7\u00e3o definidos para cada atividade;<\/li>\n\n\n\n<li>divulga\u00e7\u00e3o dos resultados no site da ELM.<\/li>\n<\/ul>\n\n\n\n<p>Cada chamada apresenta informa\u00e7\u00f5es espec\u00edficas sobre cursos, datas, p\u00fablico-alvo e procedimentos.<\/p>\n\n\n\n<hr class=\"wp-block-separator has-alpha-channel-opacity is-style-wide\"\/>\n\n\n\n<p><strong>Acompanhamento das atividades<\/strong><\/p>\n\n\n\n<p>A ELM desenvolve atividades ao longo do ano, incluindo cursos regulares, projetos musicais e a\u00e7\u00f5es especiais. Novas oportunidades de participa\u00e7\u00e3o s\u00e3o divulgadas sempre que h\u00e1 abertura de vagas.<\/p>\n\n\n\n<p>Para n\u00e3o perder as chamadas:<\/p>\n\n\n\n<ul class=\"wp-block-list\">\n<li>acompanhe esta p\u00e1gina regularmente;<\/li>\n\n\n\n<li>consulte os comunicados publicados abaixo;<\/li>\n\n\n\n<li>siga as redes sociais da ELM. (instagram e Facebook)<\/li>\n<\/ul>\n\n\n\n<hr class=\"wp-block-separator has-alpha-channel-opacity is-style-wide\"\/>\n\n\n\n<p><strong>Confira o edital<\/strong>:<\/p>\n\n\n\n<div data-wp-context=\"{}\" data-wp-interactive=\"core\/query\" data-wp-key=\"62\" data-wp-router-region=\"query-62\" class=\"wp-block-query is-layout-flow wp-block-query-is-layout-flow\"><ul class=\"wp-block-post-template is-layout-flow wp-container-core-post-template-is-layout-11cfaffa wp-block-post-template-is-layout-flow\"><li data-wp-key=\"post-template-item-30404\" class=\"wp-block-post post-30404 post type-post status-publish format-standard hentry category-blog-elm category-inscricoes-elm category-noticias-elm category-processos-seletivos-elm\">\n<h5 class=\"has-text-align-left has-link-color wp-elements-89f97cfb460a498efc3724afcbca935b wp-block-post-title has-text-color has-black-color\"><a href=\"https:\/\/www.ciddic.unicamp.br\/ciddic\/resultados-e-matriculas-elm-2026\/\" target=\"_self\" >RESULTADOS E MATR\u00cdCULAS &#8211; ELM 2026<\/a><\/h5>\n\n\n\n<div class=\"wp-block-post-date has-small-font-size\"><time datetime=\"2026-03-03T00:54:47-03:00\">3 de mar\u00e7o de 2026<\/time><\/div>\n\n<div class=\"has-text-align-left has-link-color wp-elements-8cf524060c1ca940dbcfd3c1bc027fce wp-block-post-excerpt\"><p class=\"wp-block-post-excerpt__excerpt\">A Escola Livre de M\u00fasica da Unicamp informa que os candidatos APROVADOS, EM LISTA DE ESPERA E REPROVADOS no processo seletivo de 2026 receber\u00e3o comunica\u00e7\u00e3o EXCLUSIVAMENTE por e-mail, no endere\u00e7o informado no ato da inscri\u00e7\u00e3o. Devido a um pequeno ajuste no cronograma, a comunica\u00e7\u00e3o com resultado e orienta\u00e7\u00f5es para envio de documentos poder\u00e1 ocorrer ao<\/p><p class=\"wp-block-post-excerpt__more-text\"><a class=\"wp-block-post-excerpt__more-link\" href=\"https:\/\/www.ciddic.unicamp.br\/ciddic\/resultados-e-matriculas-elm-2026\/\">Saiba mais<\/a><\/p><\/div>\n<\/li><\/ul><\/div>\n\n\n\n<hr class=\"wp-block-separator has-text-color has-alpha-channel-opacity has-background is-style-wide\" style=\"background-color:#007dac;color:#007dac\"\/>\n\n\n\n<h3 class=\"wp-block-heading has-text-align-left has-black-color has-text-color\">Publica\u00e7\u00f5es anteriores<\/h3>\n\n\n\n<hr class=\"wp-block-separator has-text-color has-alpha-channel-opacity has-background is-style-wide\" style=\"background-color:#007dac;color:#007dac\"\/>\n\n\n\n<div data-wp-context=\"{}\" data-wp-interactive=\"core\/query\" data-wp-key=\"12\" data-wp-router-region=\"query-12\" class=\"wp-block-query is-layout-flow wp-block-query-is-layout-flow\"><ul class=\"columns-2 modelo_post_loop_grid wp-block-post-template is-layout-grid wp-container-core-post-template-is-layout-02493678 wp-block-post-template-is-layout-grid\"><li data-wp-key=\"post-template-item-30233\" class=\"wp-block-post post-30233 post type-post status-publish format-standard has-post-thumbnail hentry category-blog-ciddic category-blog-elm category-elm category-inscricoes-elm tag-cursos-2026 tag-elm tag-escola-livre-de-musica tag-inscricoes-abertas tag-instrumentos tag-matriculas\">\n\n<div class=\"wp-block-columns is-layout-flex wp-container-core-columns-is-layout-28f84493 wp-block-columns-is-layout-flex\">\n<div class=\"wp-block-column is-layout-flow wp-block-column-is-layout-flow\" style=\"padding-top:var(--wp--preset--spacing--30);padding-right:var(--wp--preset--spacing--30);padding-bottom:var(--wp--preset--spacing--30);padding-left:var(--wp--preset--spacing--30)\"><h2 style=\"font-style:normal;font-weight:700;\" class=\"has-link-color wp-elements-26ce57f8b350f4d30f482fadb5b0d53f wp-block-post-title has-text-color has-black-color has-medium-font-size\"><a href=\"https:\/\/www.ciddic.unicamp.br\/ciddic\/inscricoes-elm-2026\/\" target=\"_self\" >INSCRI\u00c7\u00d5ES ELM \u2013 2026<\/a><\/h2>\n\n<div class=\"wp-block-post-date has-small-font-size\"><time datetime=\"2026-02-09T07:00:00-03:00\">9 de fevereiro de 2026<\/time><\/div>\n\n<div class=\"has-link-color wp-elements-5bc9a8e0a8ccac5755a418a4bfb0374f wp-block-post-excerpt\"><p class=\"wp-block-post-excerpt__excerpt\">A Escola Livre de M\u00fasica da Unicamp inicia mais um ano de atividades, viva e pulsante, reafirmando seu compromisso com a forma\u00e7\u00e3o musical e com a cultura p\u00fablica. Inscri\u00e7\u00f5es abertas 2026.<\/p><p class=\"wp-block-post-excerpt__more-text\"><a class=\"wp-block-post-excerpt__more-link\" href=\"https:\/\/www.ciddic.unicamp.br\/ciddic\/inscricoes-elm-2026\/\">Saiba mais<\/a><\/p><\/div><\/div>\n<\/div>\n\n<\/li><li data-wp-key=\"post-template-item-30210\" class=\"wp-block-post post-30210 post type-post status-publish format-standard hentry category-blog-elm category-elm category-inscricoes-elm category-noticias-elm category-processos-seletivos-elm\">\n\n<div class=\"wp-block-columns is-layout-flex wp-container-core-columns-is-layout-28f84493 wp-block-columns-is-layout-flex\">\n<div class=\"wp-block-column is-layout-flow wp-block-column-is-layout-flow\" style=\"padding-top:var(--wp--preset--spacing--30);padding-right:var(--wp--preset--spacing--30);padding-bottom:var(--wp--preset--spacing--30);padding-left:var(--wp--preset--spacing--30)\"><h2 style=\"font-style:normal;font-weight:700;\" class=\"has-link-color wp-elements-26ce57f8b350f4d30f482fadb5b0d53f wp-block-post-title has-text-color has-black-color has-medium-font-size\"><a href=\"https:\/\/www.ciddic.unicamp.br\/ciddic\/em-breve-abertura-de-inscricoes-elm-2026\/\" target=\"_self\" >EM BREVE &#8211; ABERTURA DE INSCRI\u00c7\u00d5ES &#8211; ELM 2026<\/a><\/h2>\n\n<div class=\"wp-block-post-date has-small-font-size\"><time datetime=\"2026-02-03T11:33:47-03:00\">3 de fevereiro de 2026<\/time><\/div>\n\n<div class=\"has-link-color wp-elements-5bc9a8e0a8ccac5755a418a4bfb0374f wp-block-post-excerpt\"><p class=\"wp-block-post-excerpt__excerpt\">A Escola Livre de M\u00fasica da Unicamp informa que o Edital de Ingresso ELM 2026 ser\u00e1 divulgado no dia 09 de fevereiro de 2026, nesta p\u00e1gina. As atividades desenvolvidas em 2025 ter\u00e3o continuidade em 2026, com a manuten\u00e7\u00e3o de cursos, grupos e pr\u00e1ticas musicais j\u00e1 consolidados, al\u00e9m da prepara\u00e7\u00e3o de novas propostas formativas e art\u00edsticas,<\/p><p class=\"wp-block-post-excerpt__more-text\"><a class=\"wp-block-post-excerpt__more-link\" href=\"https:\/\/www.ciddic.unicamp.br\/ciddic\/em-breve-abertura-de-inscricoes-elm-2026\/\">Saiba mais<\/a><\/p><\/div><\/div>\n<\/div>\n\n<\/li><li data-wp-key=\"post-template-item-29184\" class=\"wp-block-post post-29184 post type-post status-publish format-standard has-post-thumbnail hentry category-blog-ciddic category-blog-elm category-elm category-inscricoes-elm tag-elm tag-escola-livre-de-musica tag-inscricoes-2025 tag-inscricoes-abertas tag-unicamp\">\n\n<div class=\"wp-block-columns is-layout-flex wp-container-core-columns-is-layout-28f84493 wp-block-columns-is-layout-flex\">\n<div class=\"wp-block-column is-layout-flow wp-block-column-is-layout-flow\" style=\"padding-top:var(--wp--preset--spacing--30);padding-right:var(--wp--preset--spacing--30);padding-bottom:var(--wp--preset--spacing--30);padding-left:var(--wp--preset--spacing--30)\"><h2 style=\"font-style:normal;font-weight:700;\" class=\"has-link-color wp-elements-26ce57f8b350f4d30f482fadb5b0d53f wp-block-post-title has-text-color has-black-color has-medium-font-size\"><a href=\"https:\/\/www.ciddic.unicamp.br\/ciddic\/inscricoes-para-vagas-remanescentes-elm-2025\/\" target=\"_self\" >INSCRI\u00c7\u00d5ES para Vagas Remanescentes ELM \u2013 2025<\/a><\/h2>\n\n<div class=\"wp-block-post-date has-small-font-size\"><time datetime=\"2025-07-10T01:01:00-03:00\">10 de julho de 2025<\/time><\/div>\n\n<div class=\"has-link-color wp-elements-5bc9a8e0a8ccac5755a418a4bfb0374f wp-block-post-excerpt\"><p class=\"wp-block-post-excerpt__excerpt\">A Escola Livre de M\u00fasica da Unicamp, \u00f3rg\u00e3o de a\u00e7\u00e3o educativa, desenvolvido pelo CIDDIC \u2013 Centro de Integra\u00e7\u00e3o, Documenta\u00e7\u00e3o e Difus\u00e3o Cultural COCEN\/UNICAMP, informa que est\u00e3o abertas inscri\u00e7\u00f5es para o processo seletivo para os Cursos de M\u00fasica, Vagas Remanescentes, 2\u00ba semestre do ano 2025. O cronograma de inscri\u00e7\u00f5es, audi\u00e7\u00f5es e matr\u00edculas, as disciplinas ofertadas, os<\/p><p class=\"wp-block-post-excerpt__more-text\"><a class=\"wp-block-post-excerpt__more-link\" href=\"https:\/\/www.ciddic.unicamp.br\/ciddic\/inscricoes-para-vagas-remanescentes-elm-2025\/\">Saiba mais<\/a><\/p><\/div><\/div>\n<\/div>\n\n<\/li><li data-wp-key=\"post-template-item-28305\" class=\"wp-block-post post-28305 post type-post status-publish format-standard has-post-thumbnail hentry category-blog-ciddic category-blog-elm category-elm category-inscricoes-elm tag-elm tag-escola-livre-de-musica\">\n\n<div class=\"wp-block-columns is-layout-flex wp-container-core-columns-is-layout-28f84493 wp-block-columns-is-layout-flex\">\n<div class=\"wp-block-column is-layout-flow wp-block-column-is-layout-flow\" style=\"padding-top:var(--wp--preset--spacing--30);padding-right:var(--wp--preset--spacing--30);padding-bottom:var(--wp--preset--spacing--30);padding-left:var(--wp--preset--spacing--30)\"><h2 style=\"font-style:normal;font-weight:700;\" class=\"has-link-color wp-elements-26ce57f8b350f4d30f482fadb5b0d53f wp-block-post-title has-text-color has-black-color has-medium-font-size\"><a href=\"https:\/\/www.ciddic.unicamp.br\/ciddic\/resultado-final-processo-seletivo-2025-escola-livre-de-musica\/\" target=\"_self\" >RESULTADO FINAL PROCESSO SELETIVO 2025 &#8211; ESCOLA LIVRE DE M\u00daSICA<\/a><\/h2>\n\n<div class=\"wp-block-post-date has-small-font-size\"><time datetime=\"2025-03-05T23:00:49-03:00\">5 de mar\u00e7o de 2025<\/time><\/div>\n\n<div class=\"has-link-color wp-elements-5bc9a8e0a8ccac5755a418a4bfb0374f wp-block-post-excerpt\"><p class=\"wp-block-post-excerpt__excerpt\">&nbsp; A Escola Livre de M\u00fasica da Unicamp &#8211; CIDDIC torna p\u00fablico o resultado final do Processo Seletivo 2025. Segundo consta no cronograma do Edital de Ingresso &#8211; 2025, a Lista de Aprovados dever\u00e1 ser divulgada dia 05 de Mar\u00e7o de 2025. Ainda segundo o cronograma, logo ap\u00f3s a divulga\u00e7\u00e3o da Lista de Aprovados, nos<\/p><p class=\"wp-block-post-excerpt__more-text\"><a class=\"wp-block-post-excerpt__more-link\" href=\"https:\/\/www.ciddic.unicamp.br\/ciddic\/resultado-final-processo-seletivo-2025-escola-livre-de-musica\/\">Saiba mais<\/a><\/p><\/div><\/div>\n<\/div>\n\n<\/li><\/ul>\n\n<nav class=\"has-link-color aligncenter wp-elements-a270873d5182f67d4a547bf4a3ee73dd wp-block-query-pagination is-content-justification-center is-layout-flex wp-container-core-query-pagination-is-layout-c124d1c4 wp-block-query-pagination-is-layout-flex\" aria-label=\"Pagina\u00e7\u00e3o\">\n\n\n<div style=\"font-size:16px;\" class=\"wp-block-query-pagination-numbers\"><span data-wp-key=\"index-0\" aria-current=\"page\" class=\"page-numbers current\">1<\/span>\n<a data-wp-key=\"index-1\" data-wp-on--click=\"core\/query::actions.navigate\" class=\"page-numbers\" href=\"?query-12-page=2\">2<\/a>\n<span data-wp-key=\"index-2\" class=\"page-numbers dots\">&hellip;<\/span>\n<a data-wp-key=\"index-3\" data-wp-on--click=\"core\/query::actions.navigate\" class=\"page-numbers\" href=\"?query-12-page=5\">5<\/a><\/div>\n\n<a data-wp-key=\"query-pagination-next\" data-wp-on--click=\"core\/query::actions.navigate\" data-wp-on--mouseenter=\"core\/query::actions.prefetch\" data-wp-watch=\"core\/query::callbacks.prefetch\" href=\"\/ciddic\/wp-json\/wp\/v2\/pages\/1238?query-12-page=2\" style=\"font-size:16px;\" class=\"wp-block-query-pagination-next\">Pr\u00f3xima<span class='wp-block-query-pagination-next-arrow is-arrow-arrow' aria-hidden='true'>\u2192<\/span><\/a>\n<\/nav>\n\n<\/div>\n","protected":false},"excerpt":{"rendered":"<p>Inscri\u00e7\u00f5es na Escola Livre de M\u00fasica As inscri\u00e7\u00f5es para os cursos e atividades da Escola Livre de M\u00fasica (ELM) ocorrem por meio de chamadas p\u00fablicas, divulgadas periodicamente neste site e nos canais institucionais da Escola. A oferta de cursos, o n\u00famero de vagas e os crit\u00e9rios de participa\u00e7\u00e3o variam de acordo com o planejamento anual, [&hellip;]<\/p>\n","protected":false},"author":1,"featured_media":0,"parent":537,"menu_order":0,"comment_status":"closed","ping_status":"closed","template":"","meta":{"site-sidebar-layout":"default","site-content-layout":"","ast-site-content-layout":"default","site-content-style":"default","site-sidebar-style":"default","ast-global-header-display":"","ast-banner-title-visibility":"","ast-main-header-display":"","ast-hfb-above-header-display":"","ast-hfb-below-header-display":"","ast-hfb-mobile-header-display":"","site-post-title":"disabled","ast-breadcrumbs-content":"","ast-featured-img":"","footer-sml-layout":"","ast-disable-related-posts":"","theme-transparent-header-meta":"","adv-header-id-meta":"","stick-header-meta":"","header-above-stick-meta":"","header-main-stick-meta":"","header-below-stick-meta":"","astra-migrate-meta-layouts":"set","ast-page-background-enabled":"default","ast-page-background-meta":{"desktop":{"background-color":"var(--ast-global-color-4)","background-image":"","background-repeat":"repeat","background-position":"center center","background-size":"auto","background-attachment":"scroll","background-type":"","background-media":"","overlay-type":"","overlay-color":"","overlay-opacity":"","overlay-gradient":""},"tablet":{"background-color":"","background-image":"","background-repeat":"repeat","background-position":"center center","background-size":"auto","background-attachment":"scroll","background-type":"","background-media":"","overlay-type":"","overlay-color":"","overlay-opacity":"","overlay-gradient":""},"mobile":{"background-color":"","background-image":"","background-repeat":"repeat","background-position":"center center","background-size":"auto","background-attachment":"scroll","background-type":"","background-media":"","overlay-type":"","overlay-color":"","overlay-opacity":"","overlay-gradient":""}},"ast-content-background-meta":{"desktop":{"background-color":"var(--ast-global-color-5)","background-image":"","background-repeat":"repeat","background-position":"center center","background-size":"auto","background-attachment":"scroll","background-type":"","background-media":"","overlay-type":"","overlay-color":"","overlay-opacity":"","overlay-gradient":""},"tablet":{"background-color":"var(--ast-global-color-5)","background-image":"","background-repeat":"repeat","background-position":"center center","background-size":"auto","background-attachment":"scroll","background-type":"","background-media":"","overlay-type":"","overlay-color":"","overlay-opacity":"","overlay-gradient":""},"mobile":{"background-color":"var(--ast-global-color-5)","background-image":"","background-repeat":"repeat","background-position":"center center","background-size":"auto","background-attachment":"scroll","background-type":"","background-media":"","overlay-type":"","overlay-color":"","overlay-opacity":"","overlay-gradient":""}},"footnotes":""},"class_list":["post-1238","page","type-page","status-publish","hentry"],"_links":{"self":[{"href":"https:\/\/www.ciddic.unicamp.br\/ciddic\/wp-json\/wp\/v2\/pages\/1238","targetHints":{"allow":["GET"]}}],"collection":[{"href":"https:\/\/www.ciddic.unicamp.br\/ciddic\/wp-json\/wp\/v2\/pages"}],"about":[{"href":"https:\/\/www.ciddic.unicamp.br\/ciddic\/wp-json\/wp\/v2\/types\/page"}],"author":[{"embeddable":true,"href":"https:\/\/www.ciddic.unicamp.br\/ciddic\/wp-json\/wp\/v2\/users\/1"}],"replies":[{"embeddable":true,"href":"https:\/\/www.ciddic.unicamp.br\/ciddic\/wp-json\/wp\/v2\/comments?post=1238"}],"version-history":[{"count":121,"href":"https:\/\/www.ciddic.unicamp.br\/ciddic\/wp-json\/wp\/v2\/pages\/1238\/revisions"}],"predecessor-version":[{"id":30178,"href":"https:\/\/www.ciddic.unicamp.br\/ciddic\/wp-json\/wp\/v2\/pages\/1238\/revisions\/30178"}],"up":[{"embeddable":true,"href":"https:\/\/www.ciddic.unicamp.br\/ciddic\/wp-json\/wp\/v2\/pages\/537"}],"wp:attachment":[{"href":"https:\/\/www.ciddic.unicamp.br\/ciddic\/wp-json\/wp\/v2\/media?parent=1238"}],"curies":[{"name":"wp","href":"https:\/\/api.w.org\/{rel}","templated":true}]}}