{"id":29304,"date":"2025-08-14T17:27:23","date_gmt":"2025-08-14T20:27:23","guid":{"rendered":"https:\/\/www.ciddic.unicamp.br\/ciddic\/?page_id=29304"},"modified":"2026-01-27T17:06:35","modified_gmt":"2026-01-27T20:06:35","slug":"conselho-superior","status":"publish","type":"page","link":"https:\/\/www.ciddic.unicamp.br\/ciddic\/conselho-superior\/","title":{"rendered":"Conselho Superior"},"content":{"rendered":"\n<div class=\"wp-block-query is-layout-flow wp-block-query-is-layout-flow\"><ul class=\"wp-block-post-template is-layout-flow wp-block-post-template-is-layout-flow\"><li class=\"wp-block-post post-30193 post type-post status-publish format-standard hentry category-conselho-superior category-institucional\">\n<div class=\"entry-content wp-block-post-content is-layout-flow wp-block-post-content-is-layout-flow\">\n<p><strong>\ud83d\udcc5 <a href=\"#cal_reuniao\">Calend\u00e1rio de reuni\u00f5es conselho superior<\/a><\/strong><\/p>\n\n\n\n<figure class=\"wp-block-table is-style-stripes\"><table class=\"has-border-color has-ast-global-color-7-border-color\" style=\"border-width:1px\"><thead><tr><th class=\"has-text-align-center\" data-align=\"center\">Cargo<\/th><th>Nome<\/th><th>e-mail<\/th><\/tr><\/thead><tbody><tr><td class=\"has-text-align-center\" data-align=\"center\">Diretor<\/td><td>Prof. Dr. Adonhiran Bernard de Almeida Reis<\/td><td><a href=\"mailto:coordenacao.ciddic@unicamp.br\">coordenacao.ciddic@unicamp.br<\/a><\/td><\/tr><tr><td class=\"has-text-align-center\" data-align=\"center\">Diretor Associado<\/td><td>Prof. Dr. Paulo Adriano Ronqui<\/td><td><a href=\"mailto:pronqui@unicamp.br\" target=\"_blank\" rel=\"noreferrer noopener\">pronqui@unicamp.br<\/a><\/td><\/tr><tr><td class=\"has-text-align-center\" data-align=\"center\">Coordenador CDMC<\/td><td>Tadeu Moraes Taffarello<\/td><td><a href=\"mailto:tadeumt@unicamp.br\">tadeumt@unicamp.br<\/a><\/td><\/tr><tr><td class=\"has-text-align-center\" data-align=\"center\">Coordenador CPI (OSU)<\/td><td>Eduardo Jose Palatim Semencio<\/td><td><a href=\"mailto:eduvln@unicamp.br\" target=\"_blank\" rel=\"noreferrer noopener\">eduvln@unicamp.br<\/a><\/td><\/tr><tr><td class=\"has-text-align-center\" data-align=\"center\">Coordenador CP (ELM)<\/td><td>Cleyton Jose Tomazela<\/td><td><a href=\"mailto:tomazoti@unicamp.br\" target=\"_blank\" rel=\"noreferrer noopener\">tomazoti@unicamp.br<\/a><\/td><\/tr><tr><td class=\"has-text-align-center\" data-align=\"center\">Coordenador CPC (Coral)<\/td><td>Vivian Lis Ferreira Nogueira Dias<\/td><td><a href=\"mailto:vivinog@unicamp.br\">vivinog@unicamp.br<\/a><\/td><\/tr><tr><td class=\"has-text-align-center\" data-align=\"center\">Representantes<br>(IA)<\/td><td><strong>Titular:<\/strong> Prof. Dr. Carlos Gon\u00e7alves Machado Neto<br><strong>Suplente:<\/strong> Prof. Dr. Lucca Zambonini Soares<\/td><td><a href=\"mailto:cmachado@unicamp.br\">cmachado@unicamp.br<\/a><br><br><a href=\"mailto:luccaz@unicamp.br\" target=\"_blank\" rel=\"noreferrer noopener\">luccaz@unicamp.br<\/a><\/td><\/tr><tr><td class=\"has-text-align-center\" data-align=\"center\">Representantes<br>(FEF)<\/td><td><strong>Titular:<\/strong> Prof.\u1d43 Dr.\u1d43 Glaurea N\u00e1dia Borges de Oliveira<br><strong>Suplente:<\/strong> Prof.a Dr.a Silvia Cristina Franco Amaral<\/td><td><a href=\"mailto:glaurea@unicamp.br\">glaurea@unicamp.br<\/a><br><br><a href=\"mailto:scfa@unicamp.br\">scfa@unicamp.br<\/a><\/td><\/tr><tr><td class=\"has-text-align-center\" data-align=\"center\">Representantes<br>(FE)<\/td><td>Prof. Dr. Luciano Pereira<\/td><td><a href=\"mailto:msocial@unicamp.br\">msocial@unicamp.br<\/a><\/td><\/tr><tr><td class=\"has-text-align-center\" data-align=\"center\">Representantes<br>(IFCH)<\/td><td><strong>Titular:<\/strong> Profa. Dra. Patr\u00edcia Dalcanale Meneses<br><strong>Suplente:<\/strong> Prof. Dr. Jos\u00e9 Maur\u00edcio Piva Andion Arruti<\/td><td><a href=\"mailto:meneses@unicamp.br\">meneses@unicamp.br<\/a><br><br><a href=\"mailto:jmarruti@unicamp.br\">jmarruti@unicamp.br<\/a><\/td><\/tr><tr><td class=\"has-text-align-center\" data-align=\"center\">Representantes<br>(IEL)<\/td><td><strong>Titular:<\/strong> Prof. Dr Fl\u00e1vio Ribeiro de Oliveira<br><strong>Suplente:<\/strong> Prof. Dr Jefferson Cano<\/td><td><a href=\"mailto:frasp@unicamp.br\">frasp@unicamp.br<\/a><br><a href=\"mailto:jcano@unicamp.br\">jcano@unicamp.br<\/a><\/td><\/tr><tr><td class=\"has-text-align-center\" data-align=\"center\">Comunidade Art\u00edstica Externa<\/td><td>Wanilton Cesar Mahfuz<\/td><td><a href=\"mailto:coordenadoria.osmc@campinas.sp.gov.br\">coordenadoria.osmc@campinas.sp.gov.br<\/a><\/td><\/tr><tr><td class=\"has-text-align-center\" data-align=\"center\">Servidores do CIDDIC<\/td><td>Ivenise Nitchepurenco<br>Victor Rodrigues Ribeiro<\/td><td><a href=\"mailto:ivenise@unicamp.br\">ivenise@unicamp.br<\/a><br><a href=\"mailto:victorro@unicamp.br\" target=\"_blank\" rel=\"noreferrer noopener\">victorro@unicamp.br<\/a><\/td><\/tr><tr><td class=\"has-text-align-center\" data-align=\"center\">Representantes do CIDDIC na CSARH<\/td><td>Guilherme Rebecchi Kawakami<br>Cleyton Jos\u00e9 Tomazela<\/td><td><a href=\"mailto:kawakami@unicamp.br\">kawakami@unicamp.br<\/a><br><a href=\"mailto:eclarino@unicamp.br\">tomazoti@unicamp.br<\/a><\/td><\/tr><tr><td class=\"has-text-align-center\" data-align=\"center\">Representante Ex-coordenador<\/td><td><strong>Titular:<\/strong> Prof. Dr. Fernando Augusto de Almeida Hashimoto<br><strong>Suplente:<\/strong> Prof.\u00aa Dr.\u00aa Lenita Waldige Mendes Nogueira<\/td><td><a href=\"mailto:dgarcia@unicamp.br\" target=\"_blank\" rel=\"noreferrer noopener\">ferhash1@unicamp.br<\/a><br><br><a href=\"mailto:lwmn@unicamp.br\">lwmn@unicamp.br<\/a><\/td><\/tr><tr><td class=\"has-text-align-center\" data-align=\"center\">Representante Discente, da \u00e1rea de M\u00fasica, vinculado ao CIDDIC (estagi\u00e1rio ou bolsista)<\/td><td>Vitor Alves De Mello Lopes<\/td><td><a href=\"mailto:v245481@dac.unicamp.br\">v245481@dac.unicamp.br<\/a><\/td><\/tr><\/tbody><\/table><\/figure>\n\n\n\n<h3 class=\"wp-block-heading\" id=\"cal_reuniao\"><strong>Calend\u00e1rio de Reuni\u00f5es do Conselho Superior 2026<\/strong><\/h3>\n\n\n\n<figure class=\"wp-block-table is-style-stripes\"><table class=\"has-border-color has-ast-global-color-7-border-color has-fixed-layout\" style=\"border-width:1px\"><thead><tr><th class=\"has-text-align-center\" data-align=\"center\">Data da Reuni\u00e3o<\/th><th class=\"has-text-align-center\" data-align=\"center\">Fechamento da pauta<\/th><th class=\"has-text-align-center\" data-align=\"center\">Entrega da pauta aos conselheiros<\/th><\/tr><\/thead><tbody><tr><td class=\"has-text-align-center\" data-align=\"center\">19\/06\/2026 &#8211; sexta-feira, \u00e0s 09h00<br><a href=\"https:\/\/calendar.google.com\/calendar\/render?action=TEMPLATE&amp;text=Reuni%C3%A3o+do+Conselho+Superior+CIDDIC&amp;details=Reuni%C3%A3o+do+Conselho+Superior+do+CIDDIC.&amp;dates=20260619T120000Z%2F20260619T130000Z\" target=\"_blank\" rel=\"noreferrer noopener\">(Adicionar ao Google Agenda)<\/a><\/td><td class=\"has-text-align-center\" data-align=\"center\">10\/06\/2026<\/td><td class=\"has-text-align-center\" data-align=\"center\">12\/06\/2026<\/td><\/tr><tr><td class=\"has-text-align-center\" data-align=\"center\">04\/12\/2026 &#8211; sexta-feira, \u00e0s 09h00<br><a href=\"https:\/\/calendar.google.com\/calendar\/render?action=TEMPLATE&amp;text=Reuni%C3%A3o+do+Conselho+Superior+CIDDIC&amp;details=Reuni%C3%A3o+do+Conselho+Superior+do+CIDDIC.&amp;dates=20261204T120000Z%2F20261204T130000Z\" target=\"_blank\" rel=\"noreferrer noopener\">(Adicionar ao Google Agenda)<\/a><\/td><td class=\"has-text-align-center\" data-align=\"center\">25\/11\/2026<\/td><td class=\"has-text-align-center\" data-align=\"center\">27\/11\/2026<\/td><\/tr><\/tbody><\/table><\/figure>\n<\/div>\n<\/li><\/ul><\/div>\n","protected":false},"excerpt":{"rendered":"","protected":false},"author":1,"featured_media":0,"parent":0,"menu_order":0,"comment_status":"closed","ping_status":"closed","template":"","meta":{"site-sidebar-layout":"no-sidebar","site-content-layout":"","ast-site-content-layout":"default","site-content-style":"default","site-sidebar-style":"default","ast-global-header-display":"","ast-banner-title-visibility":"","ast-main-header-display":"","ast-hfb-above-header-display":"","ast-hfb-below-header-display":"","ast-hfb-mobile-header-display":"","site-post-title":"","ast-breadcrumbs-content":"","ast-featured-img":"","footer-sml-layout":"","ast-disable-related-posts":"","theme-transparent-header-meta":"","adv-header-id-meta":"","stick-header-meta":"","header-above-stick-meta":"","header-main-stick-meta":"","header-below-stick-meta":"","astra-migrate-meta-layouts":"set","ast-page-background-enabled":"default","ast-page-background-meta":{"desktop":{"background-color":"var(--ast-global-color-4)","background-image":"","background-repeat":"repeat","background-position":"center center","background-size":"auto","background-attachment":"scroll","background-type":"","background-media":"","overlay-type":"","overlay-color":"","overlay-opacity":"","overlay-gradient":""},"tablet":{"background-color":"","background-image":"","background-repeat":"repeat","background-position":"center center","background-size":"auto","background-attachment":"scroll","background-type":"","background-media":"","overlay-type":"","overlay-color":"","overlay-opacity":"","overlay-gradient":""},"mobile":{"background-color":"","background-image":"","background-repeat":"repeat","background-position":"center center","background-size":"auto","background-attachment":"scroll","background-type":"","background-media":"","overlay-type":"","overlay-color":"","overlay-opacity":"","overlay-gradient":""}},"ast-content-background-meta":{"desktop":{"background-color":"var(--ast-global-color-5)","background-image":"","background-repeat":"repeat","background-position":"center center","background-size":"auto","background-attachment":"scroll","background-type":"","background-media":"","overlay-type":"","overlay-color":"","overlay-opacity":"","overlay-gradient":""},"tablet":{"background-color":"var(--ast-global-color-5)","background-image":"","background-repeat":"repeat","background-position":"center center","background-size":"auto","background-attachment":"scroll","background-type":"","background-media":"","overlay-type":"","overlay-color":"","overlay-opacity":"","overlay-gradient":""},"mobile":{"background-color":"var(--ast-global-color-5)","background-image":"","background-repeat":"repeat","background-position":"center center","background-size":"auto","background-attachment":"scroll","background-type":"","background-media":"","overlay-type":"","overlay-color":"","overlay-opacity":"","overlay-gradient":""}},"footnotes":""},"class_list":["post-29304","page","type-page","status-publish","hentry"],"_links":{"self":[{"href":"https:\/\/www.ciddic.unicamp.br\/ciddic\/wp-json\/wp\/v2\/pages\/29304","targetHints":{"allow":["GET"]}}],"collection":[{"href":"https:\/\/www.ciddic.unicamp.br\/ciddic\/wp-json\/wp\/v2\/pages"}],"about":[{"href":"https:\/\/www.ciddic.unicamp.br\/ciddic\/wp-json\/wp\/v2\/types\/page"}],"author":[{"embeddable":true,"href":"https:\/\/www.ciddic.unicamp.br\/ciddic\/wp-json\/wp\/v2\/users\/1"}],"replies":[{"embeddable":true,"href":"https:\/\/www.ciddic.unicamp.br\/ciddic\/wp-json\/wp\/v2\/comments?post=29304"}],"version-history":[{"count":16,"href":"https:\/\/www.ciddic.unicamp.br\/ciddic\/wp-json\/wp\/v2\/pages\/29304\/revisions"}],"predecessor-version":[{"id":30199,"href":"https:\/\/www.ciddic.unicamp.br\/ciddic\/wp-json\/wp\/v2\/pages\/29304\/revisions\/30199"}],"wp:attachment":[{"href":"https:\/\/www.ciddic.unicamp.br\/ciddic\/wp-json\/wp\/v2\/media?parent=29304"}],"curies":[{"name":"wp","href":"https:\/\/api.w.org\/{rel}","templated":true}]}}