{"id":403,"date":"2017-09-19T11:22:59","date_gmt":"2017-09-19T14:22:59","guid":{"rendered":"https:\/\/www.ciddic.unicamp.br\/ciddic\/?page_id=403"},"modified":"2026-01-13T10:50:50","modified_gmt":"2026-01-13T13:50:50","slug":"regente-osu","status":"publish","type":"page","link":"https:\/\/www.ciddic.unicamp.br\/ciddic\/osu\/regente-osu\/","title":{"rendered":"Dire\u00e7\u00e3o"},"content":{"rendered":"\n<hr class=\"wp-block-separator has-text-color has-alpha-channel-opacity has-background is-style-wide\" style=\"background-color:#faa61a;color:#faa61a\"\/>\n\n\n\n<div class=\"wp-block-media-text is-stacked-on-mobile is-vertically-aligned-top\" style=\"padding-top:var(--wp--preset--spacing--20);padding-right:var(--wp--preset--spacing--20);padding-bottom:var(--wp--preset--spacing--20);padding-left:var(--wp--preset--spacing--20)\"><figure class=\"wp-block-media-text__media\"><img loading=\"lazy\" decoding=\"async\" width=\"600\" height=\"801\" src=\"https:\/\/www.ciddic.unicamp.br\/ciddic\/wp-content\/uploads\/2018\/01\/Cinthia_Aliret_Amaury_Simoes.jpg\" alt=\"Foto de Cinthia Alireti\" class=\"wp-image-4242 size-full\" srcset=\"https:\/\/www.ciddic.unicamp.br\/ciddic\/wp-content\/uploads\/2018\/01\/Cinthia_Aliret_Amaury_Simoes.jpg 600w, https:\/\/www.ciddic.unicamp.br\/ciddic\/wp-content\/uploads\/2018\/01\/Cinthia_Aliret_Amaury_Simoes-225x300.jpg 225w, https:\/\/www.ciddic.unicamp.br\/ciddic\/wp-content\/uploads\/2018\/01\/Cinthia_Aliret_Amaury_Simoes-18x24.jpg 18w, https:\/\/www.ciddic.unicamp.br\/ciddic\/wp-content\/uploads\/2018\/01\/Cinthia_Aliret_Amaury_Simoes-27x36.jpg 27w, https:\/\/www.ciddic.unicamp.br\/ciddic\/wp-content\/uploads\/2018\/01\/Cinthia_Aliret_Amaury_Simoes-36x48.jpg 36w\" sizes=\"auto, (max-width: 600px) 100vw, 600px\" \/><\/figure><div class=\"wp-block-media-text__content\">\n<h3 class=\"wp-block-heading has-text-align-left has-text-color\" style=\"color:#000000\"><strong>Cinthia Alireti<\/strong><\/h3>\n\n\n\n<p class=\"has-drop-cap\">Cinthia Alireti \u00e9 a regente titular e diretora art\u00edstica da Orquestra Sinf\u00f4nica da Unicamp (OSU) desde 2012. Sob sua dire\u00e7\u00e3o, destacam-se as produ\u00e7\u00f5es das \u00f3peras A Moreninha, de Ernst Mahle (2022), O Morcego, de Johann Strauss (2019), La Traviata, de Giuseppe Verdi (2018), A Flauta M\u00e1gica, de W.A. Mozart (2017), O Elixir do Amor, de Gaetano Donizetti (2016), e a estreia, no mesmo ano, da \u00f3pera multimodal Descobertas de J. Manzolli. Al\u00e9m de sua atua\u00e7\u00e3o em Campinas, tem colaborado como regente convidada \u00e0 frente de diversas orquestras, coros e ensembles, tais como, Orquestra Sinf\u00f4nica Nacional do Teatro Cl\u00e1udio Santoro, Orquestra Sinf\u00f4nica do Esp\u00edrito Santo, Orquestra Sinf\u00f4nica Municipal de Campinas, Orquestra Theatro S\u00e3o Pedro (Porto Alegre), Collegium musicum Potsdam (Alemanha), Ensemble Abstrai (Rio de Janeiro), F\u00eanix de los Ingenios (EUA), BLEMF Orchestra (EUA), do Coro Mixto Ciudad de Quito (Teatro Sucre), coro da New European Philharmonic (Paris), Ensemble Vocal Dolce Tempo e Ensemble Instrumental Musili (Paris), Orchestre Symphonique Ars Fidelis (Paris), entre outros.<\/p>\n\n\n\n<p>Contribui extensivamente para a difus\u00e3o de composi\u00e7\u00f5es contempor\u00e2neas e tamb\u00e9m cl\u00e1ssicos da literatura do s\u00e9culo XX no seu pa\u00eds. Em 2017, criou o primeiro \u201cEncontro de M\u00fasica Contempor\u00e2nea OSU\u201d, que combina performances musicais com apresenta\u00e7\u00f5es educativas de m\u00fasica contempor\u00e2nea, incluindo entrevistas ao vivo. Paralelamente \u00e0 m\u00fasica contempor\u00e2nea, seu interesse pela interpreta\u00e7\u00e3o historicamente informada levou a colabora\u00e7\u00f5es com autoridades do mundo da m\u00fasica antiga, como o violinista Stanley Ritchie, Paul Elliott, Eva Leg\u00eane, Barry Bauguess, Paige Whitley-Bauguess, Sherezade Panthaki, Daniel Bubeck e Elisabeth Wright, com quem estudou cravo durante seu doutorado na Universidade de Indiana (EUA). No mesmo per\u00edodo, fundou o Anima e Corpo Ensemble, grupo vocal e instrumental dedicado a performances de \u00f3peras barrocas. Em 2008, foi convidada para dirigir a \u00f3pera Tigrane, de Alessandro Scarlatti, com instrumentos de \u00e9poca, durante o Bloomington Early Music Festival (BLEMF, EUA).<\/p>\n\n\n\n<p>Foi idealizadora e coordenadora das tr\u00eas edi\u00e7\u00f5es do \u201cF\u00f3rum Gest\u00e3o Orquestral e Compromisso Social\u201d, evento em parceria com o Ciddic (Centro de Integra\u00e7\u00e3o, Documenta\u00e7\u00e3o e Difus\u00e3o Cultural), o qual reuniu personalidades relevantes da m\u00fasica cl\u00e1ssica, com o objetivo de discutir melhorias no ecossistema da m\u00fasica de concerto. Tamb\u00e9m idealizou e coordenou o \u201dProjeto Identidade, M\u00fasica e Arquitetura\u201d, a\u00e7\u00e3o cultural em parceria com o Instituto dos Arquitetos do Brasil (IAB), que combina performances de m\u00fasica cl\u00e1ssica com hist\u00f3rias dos patrim\u00f4nios da cidade de Campinas.<\/p>\n\n\n\n<p>Importantes maestros contribu\u00edram para sua forma\u00e7\u00e3o, entre eles, Marc Minkowski, Ton Koopman, John Poole, Roberto Paternostro, Juan Pablo Isquierdo, John Nelson, Kenneth Kiesler, Rodolfo Fischer, Carmen Helena Tellez, Jan Harrington, Imre Pall\u00f3 e Thomas Baldner. Durante sua gradua\u00e7\u00e3o, aperfei\u00e7oou-se em piano com Gilberto Tinetti e em composi\u00e7\u00e3o com Willy Corr\u00eaa de Oliveira. Na \u00e1rea de canto l\u00edrico, estudou com grandes nomes do cen\u00e1rio l\u00edrico brasileiro, tais como, Lenice Prioli, Ad\u00e9lia Issa, Benito Maresca e Vesna Bankovic, e nos Estados Unidos, com a soprano polonesa Teresa Kubiak e o tenor ingl\u00eas Paul Elliott, com quem se aperfei\u00e7oou em canto barroco.<\/p>\n\n\n\n<p>Possui mestrado e doutorado em reg\u00eancia coral e orquestral, com especializa\u00e7\u00e3o em m\u00fasica antiga na Universidade de Indiana (Bloomington, EUA), bacharelados em Composi\u00e7\u00e3o Musical (Universidade de S\u00e3o Paulo) e em Publicidade e Propaganda (Faculdade Armando \u00c1lvares Penteado), e mestrado franco-alem\u00e3o em musicologia na Universidade de Paris\u2013Sorbonne e na Universidade de Saarland (Alemanha). Como music\u00f3loga, realizou edi\u00e7\u00f5es cr\u00edticas de \u00f3peras barrocas para duas edi\u00e7\u00f5es do Festival della Valle d\u2019Itria na It\u00e1lia (2014, 2016), utilizadas em apresenta\u00e7\u00f5es ao vivo, transmiss\u00f5es pela RAI e registros em CDs.<\/p>\n\n\n\n<p class=\"has-small-font-size\">Cr\u00e9ditos da foto: Amaury Sim\u00f5es<\/p>\n<\/div><\/div>\n","protected":false},"excerpt":{"rendered":"<p>Cinthia Alireti Cinthia Alireti \u00e9 a regente titular e diretora art\u00edstica da Orquestra Sinf\u00f4nica da Unicamp (OSU) desde 2012. Sob sua dire\u00e7\u00e3o, destacam-se as produ\u00e7\u00f5es das \u00f3peras A Moreninha, de Ernst Mahle (2022), O Morcego, de Johann Strauss (2019), La Traviata, de Giuseppe Verdi (2018), A Flauta M\u00e1gica, de W.A. Mozart (2017), O Elixir do [&hellip;]<\/p>\n","protected":false},"author":1,"featured_media":0,"parent":396,"menu_order":0,"comment_status":"closed","ping_status":"closed","template":"","meta":{"site-sidebar-layout":"default","site-content-layout":"","ast-site-content-layout":"normal-width-container","site-content-style":"boxed","site-sidebar-style":"unboxed","ast-global-header-display":"","ast-banner-title-visibility":"","ast-main-header-display":"","ast-hfb-above-header-display":"","ast-hfb-below-header-display":"","ast-hfb-mobile-header-display":"","site-post-title":"","ast-breadcrumbs-content":"","ast-featured-img":"","footer-sml-layout":"","ast-disable-related-posts":"","theme-transparent-header-meta":"","adv-header-id-meta":"","stick-header-meta":"","header-above-stick-meta":"","header-main-stick-meta":"","header-below-stick-meta":"","astra-migrate-meta-layouts":"set","ast-page-background-enabled":"default","ast-page-background-meta":{"desktop":{"background-color":"var(--ast-global-color-4)","background-image":"","background-repeat":"repeat","background-position":"center center","background-size":"auto","background-attachment":"scroll","background-type":"","background-media":"","overlay-type":"","overlay-color":"","overlay-opacity":"","overlay-gradient":""},"tablet":{"background-color":"","background-image":"","background-repeat":"repeat","background-position":"center center","background-size":"auto","background-attachment":"scroll","background-type":"","background-media":"","overlay-type":"","overlay-color":"","overlay-opacity":"","overlay-gradient":""},"mobile":{"background-color":"","background-image":"","background-repeat":"repeat","background-position":"center center","background-size":"auto","background-attachment":"scroll","background-type":"","background-media":"","overlay-type":"","overlay-color":"","overlay-opacity":"","overlay-gradient":""}},"ast-content-background-meta":{"desktop":{"background-color":"var(--ast-global-color-5)","background-image":"","background-repeat":"repeat","background-position":"center center","background-size":"auto","background-attachment":"scroll","background-type":"","background-media":"","overlay-type":"","overlay-color":"","overlay-opacity":"","overlay-gradient":""},"tablet":{"background-color":"var(--ast-global-color-5)","background-image":"","background-repeat":"repeat","background-position":"center center","background-size":"auto","background-attachment":"scroll","background-type":"","background-media":"","overlay-type":"","overlay-color":"","overlay-opacity":"","overlay-gradient":""},"mobile":{"background-color":"var(--ast-global-color-5)","background-image":"","background-repeat":"repeat","background-position":"center center","background-size":"auto","background-attachment":"scroll","background-type":"","background-media":"","overlay-type":"","overlay-color":"","overlay-opacity":"","overlay-gradient":""}},"footnotes":""},"class_list":["post-403","page","type-page","status-publish","hentry"],"_links":{"self":[{"href":"https:\/\/www.ciddic.unicamp.br\/ciddic\/wp-json\/wp\/v2\/pages\/403","targetHints":{"allow":["GET"]}}],"collection":[{"href":"https:\/\/www.ciddic.unicamp.br\/ciddic\/wp-json\/wp\/v2\/pages"}],"about":[{"href":"https:\/\/www.ciddic.unicamp.br\/ciddic\/wp-json\/wp\/v2\/types\/page"}],"author":[{"embeddable":true,"href":"https:\/\/www.ciddic.unicamp.br\/ciddic\/wp-json\/wp\/v2\/users\/1"}],"replies":[{"embeddable":true,"href":"https:\/\/www.ciddic.unicamp.br\/ciddic\/wp-json\/wp\/v2\/comments?post=403"}],"version-history":[{"count":36,"href":"https:\/\/www.ciddic.unicamp.br\/ciddic\/wp-json\/wp\/v2\/pages\/403\/revisions"}],"predecessor-version":[{"id":30130,"href":"https:\/\/www.ciddic.unicamp.br\/ciddic\/wp-json\/wp\/v2\/pages\/403\/revisions\/30130"}],"up":[{"embeddable":true,"href":"https:\/\/www.ciddic.unicamp.br\/ciddic\/wp-json\/wp\/v2\/pages\/396"}],"wp:attachment":[{"href":"https:\/\/www.ciddic.unicamp.br\/ciddic\/wp-json\/wp\/v2\/media?parent=403"}],"curies":[{"name":"wp","href":"https:\/\/api.w.org\/{rel}","templated":true}]}}