{"id":421,"date":"2017-09-20T13:59:25","date_gmt":"2017-09-20T16:59:25","guid":{"rendered":"https:\/\/www.ciddic.unicamp.br\/ciddic\/?page_id=421"},"modified":"2025-04-07T09:22:25","modified_gmt":"2025-04-07T12:22:25","slug":"projeto-performance","status":"publish","type":"page","link":"https:\/\/www.ciddic.unicamp.br\/ciddic\/osu\/projeto-performance\/","title":{"rendered":"Edital Projeto Performance"},"content":{"rendered":"\n<hr class=\"wp-block-separator has-text-color has-alpha-channel-opacity has-background is-style-wide\" style=\"background-color:#faa61a;color:#faa61a\"\/>\n\n\n\n<div class=\"wp-block-query is-layout-flow wp-block-query-is-layout-flow\"><ul class=\"wp-block-post-template is-layout-flow wp-block-post-template-is-layout-flow\"><li class=\"wp-block-post post-30124 post type-post status-publish format-standard hentry category-blog-ciddic category-blog-osu category-noticias-osu category-osu category-projeto-performance\">\n<h2 class=\"has-link-color wp-elements-19c43d4948cf522f1245508ca23b2abe wp-block-post-title has-text-color has-black-color\">Projeto Performance 2026<\/h2>\n\n<div class=\"wp-block-post-date has-small-font-size\"><time datetime=\"2026-03-31T00:01:00-03:00\">31 de mar\u00e7o de 2026<\/time><\/div>\n\n\n<div style=\"height:10px\" aria-hidden=\"true\" class=\"wp-block-spacer\"><\/div>\n\n\n<div class=\"entry-content wp-block-post-content is-layout-flow wp-block-post-content-is-layout-flow\">\n<h4 class=\"wp-block-heading\"><strong><a href=\"#comunic26\">Lista de aprovados<\/a><\/strong><\/h4>\n\n\n\n<p><em>Abertura do Edital do Projeto Performance 2026<\/em><\/p>\n\n\n\n<p>O CIDDIC \u2013 Centro de Integra\u00e7\u00e3o, Documenta\u00e7\u00e3o e Difus\u00e3o Cultural da UNICAMP \u2013 e a Orquestra Sinf\u00f4nica da Unicamp lan\u00e7am mais uma edi\u00e7\u00e3o do Projeto Performance (PP), com o objetivo de incentivar a <strong>pesquisa musical e produ\u00e7\u00e3o art\u00edstica<\/strong>, nas \u00e1reas de composi\u00e7\u00e3o, musicologia, performance instrumental, vocal, c\u00eanica, multimeios e educa\u00e7\u00e3o musical.<\/p>\n\n\n\n<p><strong>O per\u00edodo de inscri\u00e7\u00f5es se estende do dia 1 de janeiro \u00e0 15 de fevereiro de 2026.<\/strong><\/p>\n\n\n\n<p><strong>Para visualizar o Edital e o Formul\u00e1rio do Projeto Performance 2026 clique no link abaixo:<\/strong><\/p>\n\n\n\n<p><a href=\"https:\/\/www.ciddic.unicamp.br\/ciddic\/wp-content\/uploads\/2025\/12\/Edital-Performance-2026.pdf\" data-type=\"attachment\" data-id=\"30125\" target=\"_blank\" rel=\"noreferrer noopener\"><strong>Edital Performance 2026<\/strong><\/a><\/p>\n\n\n\n<p><strong>No caso de submiss\u00e3o de novas obras, consulte o link abaixo, para auxiliar na revis\u00e3o de sua edi\u00e7\u00e3o:<\/strong><br><a href=\"https:\/\/www.ciddic.unicamp.br\/ciddic\/wp-content\/uploads\/2019\/10\/Checklist-para-a-submiss%C3%A3o-de-novas-obras.pdf\" target=\"_blank\" rel=\"noreferrer noopener\"><strong>\u2014-Checklist para submiss\u00e3o de novas obras<\/strong><\/a><\/p>\n\n\n\n<hr class=\"wp-block-separator has-alpha-channel-opacity is-style-wide\"\/>\n\n\n\n<h4 class=\"wp-block-heading\" id=\"comunic26\"><strong>Prezados(as) proponentes:<\/strong><\/h4>\n\n\n\n<p>A OSU expressa seus agradecimentos pelo interesse demonstrado em parcerias com a orquestra.<\/p>\n\n\n\n<p>A sele\u00e7\u00e3o dos projetos foi realizado pela nossa Comiss\u00e3o Art\u00edstica com base nos seguinte crit\u00e9rios eliminat\u00f3rios:<\/p>\n\n\n\n<ul class=\"wp-block-list\">\n<li>Indisponibilidade de espa\u00e7o na programa\u00e7\u00e3o para a proposta apresentada ou para a categoria de inscri\u00e7\u00e3o selecionada;<\/li>\n\n\n\n<li>Insufici\u00eancia do n\u00edvel de maturidade do material de execu\u00e7\u00e3o submetido;<\/li>\n\n\n\n<li>Incompatibilidade da instrumenta\u00e7\u00e3o proposta com o efetivo da orquestra;<\/li>\n\n\n\n<li>indisponibilidade tempor\u00e1ria de instrumentistas na condi\u00e7\u00e3o de solistas sem acordo pr\u00e9vio.<\/li>\n<\/ul>\n\n\n\n<p><strong>A OSU reitera seus agradecimentos pela participa\u00e7\u00e3o de todos e pelo interesse em colaborar com suas atividades art\u00edsticas.<\/strong><\/p>\n\n\n\n<h3 class=\"wp-block-heading\" id=\"perform26\"><strong>LISTA DE APROVADOS<\/strong><\/h3>\n\n\n\n<ul class=\"wp-block-list\">\n<li>Tadeu Moraes Taffarello e Andr\u00e9 Abreu Vieira Martins (Sess\u00e3o de Leitura\/Experimenta\u00e7\u00e3o da OSU )<\/li>\n\n\n\n<li>F\u00e1bio Fernandes Figueira (Sess\u00e3o de Leitura\/Experimenta\u00e7\u00e3o da OSU)<\/li>\n\n\n\n<li>Vitor Alves de Mello Lopes (Sess\u00e3o de Leitura\/Experimenta\u00e7\u00e3o da OSU)<\/li>\n<\/ul>\n<\/div>\n<\/li><\/ul><\/div>\n\n\n\n<figure class=\"wp-block-image size-full wp-image-425\"><img loading=\"lazy\" decoding=\"async\" width=\"2721\" height=\"1174\" src=\"https:\/\/www.ciddic.unicamp.br\/ciddic\/wp-content\/uploads\/2017\/09\/CDMC_Unicamp_MariliaVasconcellos265.jpg\" alt=\"\" class=\"wp-image-425\" srcset=\"https:\/\/www.ciddic.unicamp.br\/ciddic\/wp-content\/uploads\/2017\/09\/CDMC_Unicamp_MariliaVasconcellos265.jpg 2721w, https:\/\/www.ciddic.unicamp.br\/ciddic\/wp-content\/uploads\/2017\/09\/CDMC_Unicamp_MariliaVasconcellos265-300x129.jpg 300w, https:\/\/www.ciddic.unicamp.br\/ciddic\/wp-content\/uploads\/2017\/09\/CDMC_Unicamp_MariliaVasconcellos265-768x331.jpg 768w, https:\/\/www.ciddic.unicamp.br\/ciddic\/wp-content\/uploads\/2017\/09\/CDMC_Unicamp_MariliaVasconcellos265-1024x442.jpg 1024w, https:\/\/www.ciddic.unicamp.br\/ciddic\/wp-content\/uploads\/2017\/09\/CDMC_Unicamp_MariliaVasconcellos265-24x10.jpg 24w, https:\/\/www.ciddic.unicamp.br\/ciddic\/wp-content\/uploads\/2017\/09\/CDMC_Unicamp_MariliaVasconcellos265-36x16.jpg 36w, https:\/\/www.ciddic.unicamp.br\/ciddic\/wp-content\/uploads\/2017\/09\/CDMC_Unicamp_MariliaVasconcellos265-48x21.jpg 48w\" sizes=\"auto, (max-width: 2721px) 100vw, 2721px\" \/><figcaption class=\"wp-element-caption\"><sub>Cr\u00e9ditos da foto: Marilia Vasconcellos<\/sub><\/figcaption><\/figure>\n\n\n\n<h2 class=\"wp-block-heading has-text-align-left has-black-color has-text-color\">Vers\u00f5es anteriores<\/h2>\n\n\n\n<hr class=\"wp-block-separator has-text-color has-alpha-channel-opacity has-background is-style-wide\" style=\"background-color:#faa61a;color:#faa61a\"\/>\n\n\n\n<div data-wp-context=\"{}\" data-wp-interactive=\"core\/query\" data-wp-key=\"71\" data-wp-router-region=\"query-71\" class=\"wp-block-query is-layout-flow wp-block-query-is-layout-flow\"><ul class=\"columns-2 modelo_post_loop_grid wp-block-post-template is-layout-grid wp-container-core-post-template-is-layout-02493678 wp-block-post-template-is-layout-grid\"><li data-wp-key=\"post-template-item-12107\" class=\"wp-block-post post-12107 post type-post status-publish format-standard hentry category-osu category-projeto-performance\">\n\n<div class=\"wp-block-columns is-layout-flex wp-container-core-columns-is-layout-28f84493 wp-block-columns-is-layout-flex\">\n<div class=\"wp-block-column is-layout-flow wp-block-column-is-layout-flow\" style=\"padding-top:var(--wp--preset--spacing--30);padding-right:var(--wp--preset--spacing--30);padding-bottom:var(--wp--preset--spacing--30);padding-left:var(--wp--preset--spacing--30)\"><h2 style=\"font-style:normal;font-weight:700;\" class=\"has-link-color wp-elements-26ce57f8b350f4d30f482fadb5b0d53f wp-block-post-title has-text-color has-black-color has-medium-font-size\"><a href=\"https:\/\/www.ciddic.unicamp.br\/ciddic\/projeto-performance-2025\/\" target=\"_self\" >Projeto Performance 2025<\/a><\/h2>\n\n<div class=\"wp-block-post-date has-small-font-size\"><time datetime=\"2024-11-04T15:53:48-03:00\">4 de novembro de 2024<\/time><\/div>\n\n<div class=\"has-link-color wp-elements-1a41ce43e0a1f3317f527213a90aae98 wp-block-post-excerpt\"><p class=\"wp-block-post-excerpt__excerpt\">Lista de aprovados Abertura do Edital do Projeto Performance 2025 O CIDDIC \u2013 Centro de Integra\u00e7\u00e3o, Documenta\u00e7\u00e3o e Difus\u00e3o Cultural da UNICAMP \u2013 e a Orquestra Sinf\u00f4nica da Unicamp lan\u00e7am mais uma edi\u00e7\u00e3o do Projeto Performance, com o&hellip;<\/p><p class=\"wp-block-post-excerpt__more-text\"><a class=\"wp-block-post-excerpt__more-link\" href=\"https:\/\/www.ciddic.unicamp.br\/ciddic\/projeto-performance-2025\/\">Saiba mais<\/a><\/p><\/div><\/div>\n<\/div>\n\n<\/li><li data-wp-key=\"post-template-item-28107\" class=\"wp-block-post post-28107 post type-post status-publish format-standard hentry category-noticias-osu category-osu category-projeto-performance\">\n\n<div class=\"wp-block-columns is-layout-flex wp-container-core-columns-is-layout-28f84493 wp-block-columns-is-layout-flex\">\n<div class=\"wp-block-column is-layout-flow wp-block-column-is-layout-flow\" style=\"padding-top:var(--wp--preset--spacing--30);padding-right:var(--wp--preset--spacing--30);padding-bottom:var(--wp--preset--spacing--30);padding-left:var(--wp--preset--spacing--30)\"><h2 style=\"font-style:normal;font-weight:700;\" class=\"has-link-color wp-elements-26ce57f8b350f4d30f482fadb5b0d53f wp-block-post-title has-text-color has-black-color has-medium-font-size\"><a href=\"https:\/\/www.ciddic.unicamp.br\/ciddic\/projeto-performance-2024\/\" target=\"_self\" >Projeto Performance 2024<\/a><\/h2>\n\n<div class=\"wp-block-post-date has-small-font-size\"><time datetime=\"2023-11-30T09:26:15-03:00\">30 de novembro de 2023<\/time><\/div>\n\n<div class=\"has-link-color wp-elements-1a41ce43e0a1f3317f527213a90aae98 wp-block-post-excerpt\"><p class=\"wp-block-post-excerpt__excerpt\">O CIDDIC \u2013 Centro de Integra\u00e7\u00e3o, Documenta\u00e7\u00e3o e Difus\u00e3o Cultural da UNICAMP \u2013 lan\u00e7a mais uma edi\u00e7\u00e3o do Projeto Performance, no qual a Orquestra Sinf\u00f4nica da Unicamp atua como agentes experimentadores para a pesquisa musical nas \u00e1reas de&hellip;<\/p><p class=\"wp-block-post-excerpt__more-text\"><a class=\"wp-block-post-excerpt__more-link\" href=\"https:\/\/www.ciddic.unicamp.br\/ciddic\/projeto-performance-2024\/\">Saiba mais<\/a><\/p><\/div><\/div>\n<\/div>\n\n<\/li><li data-wp-key=\"post-template-item-4086\" class=\"wp-block-post post-4086 post type-post status-publish format-standard hentry category-noticias-osu category-osu category-projeto-performance\">\n\n<div class=\"wp-block-columns is-layout-flex wp-container-core-columns-is-layout-28f84493 wp-block-columns-is-layout-flex\">\n<div class=\"wp-block-column is-layout-flow wp-block-column-is-layout-flow\" style=\"padding-top:var(--wp--preset--spacing--30);padding-right:var(--wp--preset--spacing--30);padding-bottom:var(--wp--preset--spacing--30);padding-left:var(--wp--preset--spacing--30)\"><h2 style=\"font-style:normal;font-weight:700;\" class=\"has-link-color wp-elements-26ce57f8b350f4d30f482fadb5b0d53f wp-block-post-title has-text-color has-black-color has-medium-font-size\"><a href=\"https:\/\/www.ciddic.unicamp.br\/ciddic\/projeto-performance-2020\/\" target=\"_self\" >Projeto Performance 2020<\/a><\/h2>\n\n<div class=\"wp-block-post-date has-small-font-size\"><time datetime=\"2019-10-15T15:50:35-03:00\">15 de outubro de 2019<\/time><\/div>\n\n<div class=\"has-link-color wp-elements-1a41ce43e0a1f3317f527213a90aae98 wp-block-post-excerpt\"><p class=\"wp-block-post-excerpt__excerpt\">Aviso: Agradecemos a todos pelo envio de propostas para o Projeto Performance 2020. Em virtude dos in\u00fameros compromissos da orquestra neste semestre, estaremos entrando em contato com os selecionados para participa\u00e7\u00e3o em projetos no segundo semestre. O CIDDIC&hellip;<\/p><p class=\"wp-block-post-excerpt__more-text\"><a class=\"wp-block-post-excerpt__more-link\" href=\"https:\/\/www.ciddic.unicamp.br\/ciddic\/projeto-performance-2020\/\">Saiba mais<\/a><\/p><\/div><\/div>\n<\/div>\n\n<\/li><li data-wp-key=\"post-template-item-2143\" class=\"wp-block-post post-2143 post type-post status-publish format-standard hentry category-noticias-osu category-osu category-projeto-performance\">\n\n<div class=\"wp-block-columns is-layout-flex wp-container-core-columns-is-layout-28f84493 wp-block-columns-is-layout-flex\">\n<div class=\"wp-block-column is-layout-flow wp-block-column-is-layout-flow\" style=\"padding-top:var(--wp--preset--spacing--30);padding-right:var(--wp--preset--spacing--30);padding-bottom:var(--wp--preset--spacing--30);padding-left:var(--wp--preset--spacing--30)\"><h2 style=\"font-style:normal;font-weight:700;\" class=\"has-link-color wp-elements-26ce57f8b350f4d30f482fadb5b0d53f wp-block-post-title has-text-color has-black-color has-medium-font-size\"><a href=\"https:\/\/www.ciddic.unicamp.br\/ciddic\/projeto-performance-2019\/\" target=\"_self\" >Projeto Performance 2019<\/a><\/h2>\n\n<div class=\"wp-block-post-date has-small-font-size\"><time datetime=\"2019-02-08T16:30:36-02:00\">8 de fevereiro de 2019<\/time><\/div>\n\n<div class=\"has-link-color wp-elements-1a41ce43e0a1f3317f527213a90aae98 wp-block-post-excerpt\"><p class=\"wp-block-post-excerpt__excerpt\">PROJETO PERFORMANCE 2019 &#8211; LISTA DE APROVADOS Estamos muito contentes com a qualidade das propostas recebidas neste ano para o Projeto Performance. Por conta dos eventos comemorativos e dos novos compromissos da orquestra, n\u00e3o foi poss\u00edvel, neste primeiro&hellip;<\/p><p class=\"wp-block-post-excerpt__more-text\"><a class=\"wp-block-post-excerpt__more-link\" href=\"https:\/\/www.ciddic.unicamp.br\/ciddic\/projeto-performance-2019\/\">Saiba mais<\/a><\/p><\/div><\/div>\n<\/div>\n\n<\/li><\/ul>\n\n<nav class=\"has-link-color aligncenter wp-elements-a270873d5182f67d4a547bf4a3ee73dd wp-block-query-pagination is-content-justification-center is-layout-flex wp-container-core-query-pagination-is-layout-c124d1c4 wp-block-query-pagination-is-layout-flex\" aria-label=\"Pagina\u00e7\u00e3o\">\n\n\n<div style=\"font-size:16px;\" class=\"wp-block-query-pagination-numbers\"><span data-wp-key=\"index-0\" aria-current=\"page\" class=\"page-numbers current\">1<\/span>\n<a data-wp-key=\"index-1\" data-wp-on--click=\"core\/query::actions.navigate\" class=\"page-numbers\" href=\"?query-71-page=2\">2<\/a>\n<a data-wp-key=\"index-2\" data-wp-on--click=\"core\/query::actions.navigate\" class=\"page-numbers\" href=\"?query-71-page=3\">3<\/a><\/div>\n\n<a data-wp-key=\"query-pagination-next\" data-wp-on--click=\"core\/query::actions.navigate\" data-wp-on--mouseenter=\"core\/query::actions.prefetch\" data-wp-watch=\"core\/query::callbacks.prefetch\" href=\"\/ciddic\/wp-json\/wp\/v2\/pages\/421?query-71-page=2\" style=\"font-size:16px;\" class=\"wp-block-query-pagination-next\">Pr\u00f3xima<span class='wp-block-query-pagination-next-arrow is-arrow-arrow' aria-hidden='true'>\u2192<\/span><\/a>\n<\/nav>\n\n<\/div>\n","protected":false},"excerpt":{"rendered":"<p>Vers\u00f5es anteriores<\/p>\n","protected":false},"author":1,"featured_media":0,"parent":396,"menu_order":0,"comment_status":"closed","ping_status":"closed","template":"","meta":{"site-sidebar-layout":"default","site-content-layout":"","ast-site-content-layout":"default","site-content-style":"default","site-sidebar-style":"default","ast-global-header-display":"","ast-banner-title-visibility":"","ast-main-header-display":"","ast-hfb-above-header-display":"","ast-hfb-below-header-display":"","ast-hfb-mobile-header-display":"","site-post-title":"disabled","ast-breadcrumbs-content":"","ast-featured-img":"","footer-sml-layout":"","ast-disable-related-posts":"","theme-transparent-header-meta":"","adv-header-id-meta":"","stick-header-meta":"","header-above-stick-meta":"","header-main-stick-meta":"","header-below-stick-meta":"","astra-migrate-meta-layouts":"set","ast-page-background-enabled":"default","ast-page-background-meta":{"desktop":{"background-color":"var(--ast-global-color-4)","background-image":"","background-repeat":"repeat","background-position":"center center","background-size":"auto","background-attachment":"scroll","background-type":"","background-media":"","overlay-type":"","overlay-color":"","overlay-opacity":"","overlay-gradient":""},"tablet":{"background-color":"","background-image":"","background-repeat":"repeat","background-position":"center center","background-size":"auto","background-attachment":"scroll","background-type":"","background-media":"","overlay-type":"","overlay-color":"","overlay-opacity":"","overlay-gradient":""},"mobile":{"background-color":"","background-image":"","background-repeat":"repeat","background-position":"center center","background-size":"auto","background-attachment":"scroll","background-type":"","background-media":"","overlay-type":"","overlay-color":"","overlay-opacity":"","overlay-gradient":""}},"ast-content-background-meta":{"desktop":{"background-color":"var(--ast-global-color-5)","background-image":"","background-repeat":"repeat","background-position":"center center","background-size":"auto","background-attachment":"scroll","background-type":"","background-media":"","overlay-type":"","overlay-color":"","overlay-opacity":"","overlay-gradient":""},"tablet":{"background-color":"var(--ast-global-color-5)","background-image":"","background-repeat":"repeat","background-position":"center center","background-size":"auto","background-attachment":"scroll","background-type":"","background-media":"","overlay-type":"","overlay-color":"","overlay-opacity":"","overlay-gradient":""},"mobile":{"background-color":"var(--ast-global-color-5)","background-image":"","background-repeat":"repeat","background-position":"center center","background-size":"auto","background-attachment":"scroll","background-type":"","background-media":"","overlay-type":"","overlay-color":"","overlay-opacity":"","overlay-gradient":""}},"footnotes":""},"class_list":["post-421","page","type-page","status-publish","hentry"],"_links":{"self":[{"href":"https:\/\/www.ciddic.unicamp.br\/ciddic\/wp-json\/wp\/v2\/pages\/421","targetHints":{"allow":["GET"]}}],"collection":[{"href":"https:\/\/www.ciddic.unicamp.br\/ciddic\/wp-json\/wp\/v2\/pages"}],"about":[{"href":"https:\/\/www.ciddic.unicamp.br\/ciddic\/wp-json\/wp\/v2\/types\/page"}],"author":[{"embeddable":true,"href":"https:\/\/www.ciddic.unicamp.br\/ciddic\/wp-json\/wp\/v2\/users\/1"}],"replies":[{"embeddable":true,"href":"https:\/\/www.ciddic.unicamp.br\/ciddic\/wp-json\/wp\/v2\/comments?post=421"}],"version-history":[{"count":78,"href":"https:\/\/www.ciddic.unicamp.br\/ciddic\/wp-json\/wp\/v2\/pages\/421\/revisions"}],"predecessor-version":[{"id":28581,"href":"https:\/\/www.ciddic.unicamp.br\/ciddic\/wp-json\/wp\/v2\/pages\/421\/revisions\/28581"}],"up":[{"embeddable":true,"href":"https:\/\/www.ciddic.unicamp.br\/ciddic\/wp-json\/wp\/v2\/pages\/396"}],"wp:attachment":[{"href":"https:\/\/www.ciddic.unicamp.br\/ciddic\/wp-json\/wp\/v2\/media?parent=421"}],"curies":[{"name":"wp","href":"https:\/\/api.w.org\/{rel}","templated":true}]}}