{"id":576,"date":"2017-10-17T10:49:04","date_gmt":"2017-10-17T12:49:04","guid":{"rendered":"https:\/\/www.ciddic.unicamp.br\/ciddic\/?page_id=576"},"modified":"2024-02-09T15:34:12","modified_gmt":"2024-02-09T18:34:12","slug":"colecoes-e-fundos","status":"publish","type":"page","link":"https:\/\/www.ciddic.unicamp.br\/ciddic\/cdmc\/colecoes-e-fundos\/","title":{"rendered":"Cole\u00e7\u00f5es e Fundos"},"content":{"rendered":"\n<hr class=\"wp-block-separator has-text-color has-alpha-channel-opacity has-background is-style-wide\" style=\"background-color:#92318f;color:#92318f\"\/>\n\n\n\n<p>Cole\u00e7\u00e3o \u00e9 um \u201cconjunto de documentos com caracter\u00edsticas comuns, reunidos intencionalmente\u201d. (ARQUIVO NACIONAL. <strong>Dicion\u00e1rio brasileiro de terminologia arquiv\u00edstica. <\/strong>Rio de Janeiro : Arquivo Nacional, 2005. 232 p. (Publica\u00e7\u00f5es t\u00e9cnicas, n\u00ba 51))<\/p>\n\n\n\n<p>Fundo \u00e9 um \u201cconjunto de pe\u00e7as de qualquer natureza que qualquer entidade administrativa, qualquer pessoa f\u00edsica ou jur\u00eddica reuniu autom\u00e1tica e organicamente em raz\u00e3o de suas fun\u00e7\u00f5es ou de suas atividades\u201d (CUNHA, Murilo Bastos; CAVALCANTI, Cord\u00e9lia Robalinho de Oliveira. <strong>Dicion\u00e1rio de biblioteconomia e arquivologia. <\/strong>Bras\u00edlia : Briquet de Lemos, 2008. 451 p.)<\/p>\n\n\n\n<p>A partir dessa diferencia\u00e7\u00e3o, o acervo CDMC \u00e9 consitu\u00eddo pelos seguintes fundos e cole\u00e7\u00f5es:<\/p>\n\n\n\n<div class=\"wp-block-query is-layout-flow wp-block-query-is-layout-flow\"><ul class=\"wp-block-post-template is-layout-flow wp-block-post-template-is-layout-flow\"><li class=\"wp-block-post post-602 post type-post status-publish format-standard hentry category-cdmc category-colecoes-e-fundos\">\n<h4 class=\"wp-block-post-title\"><a href=\"https:\/\/www.ciddic.unicamp.br\/ciddic\/colecao-aldo-e-edino-krieger\/\" target=\"_self\" >Cole\u00e7\u00e3o Aldo e Edino Krieger<\/a><\/h4>\n<\/li><li class=\"wp-block-post post-608 post type-post status-publish format-standard hentry category-cdmc category-colecoes-e-fundos\">\n<h4 class=\"wp-block-post-title\"><a href=\"https:\/\/www.ciddic.unicamp.br\/ciddic\/colecao-almeida-prado\/\" target=\"_self\" >Cole\u00e7\u00e3o Almeida Prado<\/a><\/h4>\n<\/li><li class=\"wp-block-post post-611 post type-post status-publish format-standard hentry category-cdmc category-colecoes-e-fundos\">\n<h4 class=\"wp-block-post-title\"><a href=\"https:\/\/www.ciddic.unicamp.br\/ciddic\/colecao-cdmc\/\" target=\"_self\" >Cole\u00e7\u00e3o CDMC<\/a><\/h4>\n<\/li><li class=\"wp-block-post post-613 post type-post status-publish format-standard hentry category-cdmc category-colecoes-e-fundos\">\n<h4 class=\"wp-block-post-title\"><a href=\"https:\/\/www.ciddic.unicamp.br\/ciddic\/colecao-dinorah-de-carvalho\/\" target=\"_self\" >Cole\u00e7\u00e3o Dinorah de Carvalho<\/a><\/h4>\n<\/li><li class=\"wp-block-post post-617 post type-post status-publish format-standard hentry category-cdmc category-colecoes-e-fundos\">\n<h4 class=\"wp-block-post-title\"><a href=\"https:\/\/www.ciddic.unicamp.br\/ciddic\/colecao-eduardo-a-escalante\/\" target=\"_self\" >Cole\u00e7\u00e3o Eduardo A. Escalante<\/a><\/h4>\n<\/li><li class=\"wp-block-post post-620 post type-post status-publish format-standard hentry category-cdmc category-colecoes-e-fundos\">\n<h4 class=\"wp-block-post-title\"><a href=\"https:\/\/www.ciddic.unicamp.br\/ciddic\/colecao-emilio-terraza\/\" target=\"_self\" >Cole\u00e7\u00e3o Emilio Terraza<\/a><\/h4>\n<\/li><li class=\"wp-block-post post-623 post type-post status-publish format-standard hentry category-cdmc category-colecoes-e-fundos\">\n<h4 class=\"wp-block-post-title\"><a href=\"https:\/\/www.ciddic.unicamp.br\/ciddic\/colecao-estercio-marquez-cunha\/\" target=\"_self\" >Cole\u00e7\u00e3o Est\u00e9rcio Marquez Cunha<\/a><\/h4>\n<\/li><li class=\"wp-block-post post-626 post type-post status-publish format-standard hentry category-cdmc category-colecoes-e-fundos\">\n<h4 class=\"wp-block-post-title\"><a href=\"https:\/\/www.ciddic.unicamp.br\/ciddic\/colecao-kilza-setti\/\" target=\"_self\" >Cole\u00e7\u00e3o Kilza Setti<\/a><\/h4>\n<\/li><li class=\"wp-block-post post-629 post type-post status-publish format-standard hentry category-cdmc category-colecoes-e-fundos\">\n<h4 class=\"wp-block-post-title\"><a href=\"https:\/\/www.ciddic.unicamp.br\/ciddic\/colecao-luiz-carlos-cseko\/\" target=\"_self\" >Cole\u00e7\u00e3o Luiz Carlos Cs\u00ebko<\/a><\/h4>\n<\/li><li class=\"wp-block-post post-633 post type-post status-publish format-standard hentry category-cdmc category-colecoes-e-fundos\">\n<h4 class=\"wp-block-post-title\"><a href=\"https:\/\/www.ciddic.unicamp.br\/ciddic\/colecao-luiz-henrique-yudo\/\" target=\"_self\" >Cole\u00e7\u00e3o Luiz Henrique Yudo<\/a><\/h4>\n<\/li><li class=\"wp-block-post post-635 post type-post status-publish format-standard hentry category-cdmc category-colecoes-e-fundos\">\n<h4 class=\"wp-block-post-title\"><a href=\"https:\/\/www.ciddic.unicamp.br\/ciddic\/colecao-maria-helena-rosas-fernandes\/\" target=\"_self\" >Cole\u00e7\u00e3o Maria Helena Rosas Fernandes<\/a><\/h4>\n<\/li><li class=\"wp-block-post post-638 post type-post status-publish format-standard hentry category-cdmc category-colecoes-e-fundos\">\n<h4 class=\"wp-block-post-title\"><a href=\"https:\/\/www.ciddic.unicamp.br\/ciddic\/colecao-najla-jabor\/\" target=\"_self\" >Cole\u00e7\u00e3o Najla Jabor<\/a><\/h4>\n<\/li><li class=\"wp-block-post post-579 post type-post status-publish format-standard hentry category-cdmc category-colecoes-e-fundos\">\n<h4 class=\"wp-block-post-title\"><a href=\"https:\/\/www.ciddic.unicamp.br\/ciddic\/fundo-anna-stella-schic\/\" target=\"_self\" >Fundo Anna Stella Schic<\/a><\/h4>\n<\/li><li class=\"wp-block-post post-584 post type-post status-publish format-standard hentry category-cdmc category-colecoes-e-fundos\">\n<h4 class=\"wp-block-post-title\"><a href=\"https:\/\/www.ciddic.unicamp.br\/ciddic\/fundo-beatriz-balzi\/\" target=\"_self\" >Fundo Beatriz Balzi<\/a><\/h4>\n<\/li><li class=\"wp-block-post post-592 post type-post status-publish format-standard hentry category-cdmc category-colecoes-e-fundos\">\n<h4 class=\"wp-block-post-title\"><a href=\"https:\/\/www.ciddic.unicamp.br\/ciddic\/fundo-conrado-silva\/\" target=\"_self\" >Fundo Conrado Silva<\/a><\/h4>\n<\/li><li class=\"wp-block-post post-595 post type-post status-publish format-standard hentry category-cdmc category-colecoes-e-fundos\">\n<h4 class=\"wp-block-post-title\"><a href=\"https:\/\/www.ciddic.unicamp.br\/ciddic\/fundo-ignacio-de-campos\/\" target=\"_self\" >Fundo Ign\u00e1cio de Campos<\/a><\/h4>\n<\/li><li class=\"wp-block-post post-597 post type-post status-publish format-standard hentry category-cdmc category-colecoes-e-fundos\">\n<h4 class=\"wp-block-post-title\"><a href=\"https:\/\/www.ciddic.unicamp.br\/ciddic\/fundo-jose-augusto-mannis\/\" target=\"_self\" >Fundo Jos\u00e9 Augusto Mannis<\/a><\/h4>\n<\/li><\/ul><\/div>\n\n\n\n<p>Para realizar uma pesquisa sobre os materiais existentes no acervo CDMC, visite a Base Acervus do Sistema de Bibliotecas da Unicamp &#8211; <a href=\"http:\/\/acervus.unicamp.br\/index.asp?busca=combinada\" target=\"_blank\" rel=\"noopener\">http:\/\/acervus.unicamp.br\/<\/a><\/p>\n\n\n\n<p><\/p>\n","protected":false},"excerpt":{"rendered":"<p>Cole\u00e7\u00e3o \u00e9 um \u201cconjunto de documentos com caracter\u00edsticas comuns, reunidos intencionalmente\u201d. (ARQUIVO NACIONAL. Dicion\u00e1rio brasileiro de terminologia arquiv\u00edstica. Rio de Janeiro : Arquivo Nacional, 2005. 232 p. (Publica\u00e7\u00f5es t\u00e9cnicas, n\u00ba 51)) Fundo \u00e9 um \u201cconjunto de pe\u00e7as de qualquer natureza que qualquer entidade administrativa, qualquer pessoa f\u00edsica ou jur\u00eddica reuniu autom\u00e1tica e organicamente em raz\u00e3o [&hellip;]<\/p>\n","protected":false},"author":1,"featured_media":0,"parent":541,"menu_order":0,"comment_status":"closed","ping_status":"closed","template":"","meta":{"site-sidebar-layout":"default","site-content-layout":"","ast-site-content-layout":"default","site-content-style":"default","site-sidebar-style":"default","ast-global-header-display":"","ast-banner-title-visibility":"","ast-main-header-display":"","ast-hfb-above-header-display":"","ast-hfb-below-header-display":"","ast-hfb-mobile-header-display":"","site-post-title":"","ast-breadcrumbs-content":"","ast-featured-img":"","footer-sml-layout":"","ast-disable-related-posts":"","theme-transparent-header-meta":"","adv-header-id-meta":"","stick-header-meta":"","header-above-stick-meta":"","header-main-stick-meta":"","header-below-stick-meta":"","astra-migrate-meta-layouts":"set","ast-page-background-enabled":"default","ast-page-background-meta":{"desktop":{"background-color":"var(--ast-global-color-4)","background-image":"","background-repeat":"repeat","background-position":"center center","background-size":"auto","background-attachment":"scroll","background-type":"","background-media":"","overlay-type":"","overlay-color":"","overlay-opacity":"","overlay-gradient":""},"tablet":{"background-color":"","background-image":"","background-repeat":"repeat","background-position":"center center","background-size":"auto","background-attachment":"scroll","background-type":"","background-media":"","overlay-type":"","overlay-color":"","overlay-opacity":"","overlay-gradient":""},"mobile":{"background-color":"","background-image":"","background-repeat":"repeat","background-position":"center center","background-size":"auto","background-attachment":"scroll","background-type":"","background-media":"","overlay-type":"","overlay-color":"","overlay-opacity":"","overlay-gradient":""}},"ast-content-background-meta":{"desktop":{"background-color":"var(--ast-global-color-5)","background-image":"","background-repeat":"repeat","background-position":"center center","background-size":"auto","background-attachment":"scroll","background-type":"","background-media":"","overlay-type":"","overlay-color":"","overlay-opacity":"","overlay-gradient":""},"tablet":{"background-color":"var(--ast-global-color-5)","background-image":"","background-repeat":"repeat","background-position":"center center","background-size":"auto","background-attachment":"scroll","background-type":"","background-media":"","overlay-type":"","overlay-color":"","overlay-opacity":"","overlay-gradient":""},"mobile":{"background-color":"var(--ast-global-color-5)","background-image":"","background-repeat":"repeat","background-position":"center center","background-size":"auto","background-attachment":"scroll","background-type":"","background-media":"","overlay-type":"","overlay-color":"","overlay-opacity":"","overlay-gradient":""}},"footnotes":""},"class_list":["post-576","page","type-page","status-publish","hentry"],"_links":{"self":[{"href":"https:\/\/www.ciddic.unicamp.br\/ciddic\/wp-json\/wp\/v2\/pages\/576","targetHints":{"allow":["GET"]}}],"collection":[{"href":"https:\/\/www.ciddic.unicamp.br\/ciddic\/wp-json\/wp\/v2\/pages"}],"about":[{"href":"https:\/\/www.ciddic.unicamp.br\/ciddic\/wp-json\/wp\/v2\/types\/page"}],"author":[{"embeddable":true,"href":"https:\/\/www.ciddic.unicamp.br\/ciddic\/wp-json\/wp\/v2\/users\/1"}],"replies":[{"embeddable":true,"href":"https:\/\/www.ciddic.unicamp.br\/ciddic\/wp-json\/wp\/v2\/comments?post=576"}],"version-history":[{"count":26,"href":"https:\/\/www.ciddic.unicamp.br\/ciddic\/wp-json\/wp\/v2\/pages\/576\/revisions"}],"predecessor-version":[{"id":14726,"href":"https:\/\/www.ciddic.unicamp.br\/ciddic\/wp-json\/wp\/v2\/pages\/576\/revisions\/14726"}],"up":[{"embeddable":true,"href":"https:\/\/www.ciddic.unicamp.br\/ciddic\/wp-json\/wp\/v2\/pages\/541"}],"wp:attachment":[{"href":"https:\/\/www.ciddic.unicamp.br\/ciddic\/wp-json\/wp\/v2\/media?parent=576"}],"curies":[{"name":"wp","href":"https:\/\/api.w.org\/{rel}","templated":true}]}}