{"id":5849,"date":"2021-05-06T10:03:57","date_gmt":"2021-05-06T13:03:57","guid":{"rendered":"https:\/\/www.ciddic.unicamp.br\/ciddic\/?page_id=5849"},"modified":"2025-05-23T15:03:52","modified_gmt":"2025-05-23T18:03:52","slug":"publicacoes","status":"publish","type":"page","link":"https:\/\/www.ciddic.unicamp.br\/ciddic\/publicacoes\/","title":{"rendered":"Publica\u00e7\u00f5es"},"content":{"rendered":"\n<hr class=\"wp-block-separator has-text-color has-alpha-channel-opacity has-background is-style-wide\" style=\"background-color:#1eb5b3;color:#1eb5b3\"\/>\n\n\n\n<div data-wp-context=\"{}\" data-wp-interactive=\"core\/query\" data-wp-key=\"17\" data-wp-router-region=\"query-17\" class=\"wp-block-query is-layout-flow wp-block-query-is-layout-flow\"><ul class=\"columns-3 modelo_post_loop_grid wp-block-post-template is-layout-grid wp-container-core-post-template-is-layout-fa38c3f2 wp-block-post-template-is-layout-grid\"><li data-wp-key=\"post-template-item-29924\" class=\"wp-block-post post-29924 post type-post status-publish format-standard has-post-thumbnail hentry category-publicacoes\">\n\n<div class=\"wp-block-columns is-layout-flex wp-container-core-columns-is-layout-2000334d wp-block-columns-is-layout-flex\" style=\"padding-top:0;padding-right:0;padding-bottom:0;padding-left:0\">\n<div class=\"wp-block-column is-layout-flow wp-block-column-is-layout-flow\" style=\"padding-top:var(--wp--preset--spacing--30);padding-right:var(--wp--preset--spacing--30);padding-bottom:var(--wp--preset--spacing--30);padding-left:var(--wp--preset--spacing--30)\"><figure style=\"aspect-ratio:auto;\" class=\"wp-block-post-featured-image\"><a href=\"https:\/\/www.ciddic.unicamp.br\/ciddic\/noite-de-sao-paulo-musica-incidental-para-a-peca-de-teatro-de-alfredo-mesquita\/\" target=\"_self\"  ><img loading=\"lazy\" decoding=\"async\" width=\"796\" height=\"1127\" src=\"https:\/\/www.ciddic.unicamp.br\/ciddic\/wp-content\/uploads\/2025\/11\/noite_sp.png\" class=\"attachment-post-thumbnail size-post-thumbnail wp-post-image\" alt=\"Noite de S\u00e3o Paulo : m\u00fasica incidental para a pe\u00e7a de teatro de Alfredo Mesquita\" style=\"width:100%;height:100%;object-fit:contain;\" srcset=\"https:\/\/www.ciddic.unicamp.br\/ciddic\/wp-content\/uploads\/2025\/11\/noite_sp.png 796w, https:\/\/www.ciddic.unicamp.br\/ciddic\/wp-content\/uploads\/2025\/11\/noite_sp-212x300.png 212w, https:\/\/www.ciddic.unicamp.br\/ciddic\/wp-content\/uploads\/2025\/11\/noite_sp-723x1024.png 723w, https:\/\/www.ciddic.unicamp.br\/ciddic\/wp-content\/uploads\/2025\/11\/noite_sp-768x1087.png 768w\" sizes=\"auto, (max-width: 796px) 100vw, 796px\" \/><\/a><\/figure>\n\n<div class=\"wp-block-post-date has-small-font-size\"><time datetime=\"2025-11-11T10:20:52-03:00\">11 de novembro de 2025<\/time><\/div>\n\n<h2 style=\"font-style:normal;font-weight:700; padding-top:0;padding-bottom:0;\" class=\"has-link-color wp-elements-4f5047ec7958ff10dca2453680784e80 wp-block-post-title has-text-color has-black-color has-medium-font-size\"><a href=\"https:\/\/www.ciddic.unicamp.br\/ciddic\/noite-de-sao-paulo-musica-incidental-para-a-peca-de-teatro-de-alfredo-mesquita\/\" target=\"_self\" >Noite de S\u00e3o Paulo : m\u00fasica incidental para a pe\u00e7a de teatro de Alfredo Mesquita<\/a><\/h2>\n\n<div style=\"padding-right:0;padding-left:0;padding-top:0;padding-bottom:0;\" class=\"has-link-color wp-elements-e1c52f2dc095adaa2fbe18a349ac5b55 wp-block-post-excerpt\"><p class=\"wp-block-post-excerpt__excerpt\">Autor(es): Dinor\u00e1 de Carvalho ; organiza\u00e7\u00e3o: Tadeu Moraes Taffarello ; pref\u00e1cio: Abel Rocha ; apresenta\u00e7\u00e3o: Elizabeth Ferreira Cardoso Ribeiro Azevedo, Tadeu Moraes Taffarello, Fl\u00e1vio Cardoso de Carvalho e Mariana Duarte da Silva Acesso eletr\u00f4nico: https:\/\/www.bibliotecadigital.unicamp.br\/bd\/index.php\/detalhes-material\/?code=122279 DOI: https:\/\/doi.org\/10.20396\/isbn9786587175959 Resumo: Noite de&hellip;<\/p><p class=\"wp-block-post-excerpt__more-text\"><a class=\"wp-block-post-excerpt__more-link\" href=\"https:\/\/www.ciddic.unicamp.br\/ciddic\/noite-de-sao-paulo-musica-incidental-para-a-peca-de-teatro-de-alfredo-mesquita\/\">Saiba mais<\/a><\/p><\/div><\/div>\n<\/div>\n\n<\/li><li data-wp-key=\"post-template-item-28976\" class=\"wp-block-post post-28976 post type-post status-publish format-standard has-post-thumbnail hentry category-publicacoes\">\n\n<div class=\"wp-block-columns is-layout-flex wp-container-core-columns-is-layout-2000334d wp-block-columns-is-layout-flex\" style=\"padding-top:0;padding-right:0;padding-bottom:0;padding-left:0\">\n<div class=\"wp-block-column is-layout-flow wp-block-column-is-layout-flow\" style=\"padding-top:var(--wp--preset--spacing--30);padding-right:var(--wp--preset--spacing--30);padding-bottom:var(--wp--preset--spacing--30);padding-left:var(--wp--preset--spacing--30)\"><figure style=\"aspect-ratio:auto;\" class=\"wp-block-post-featured-image\"><a href=\"https:\/\/www.ciddic.unicamp.br\/ciddic\/manha-radiosa-peca-sinfonica\/\" target=\"_self\"  ><img loading=\"lazy\" decoding=\"async\" width=\"591\" height=\"834\" src=\"https:\/\/www.ciddic.unicamp.br\/ciddic\/wp-content\/uploads\/2025\/05\/manha-radiosa.png\" class=\"attachment-post-thumbnail size-post-thumbnail wp-post-image\" alt=\"Manh\u00e3 Radiosa : pe\u00e7a sinf\u00f4nica\" style=\"width:100%;height:100%;object-fit:contain;\" srcset=\"https:\/\/www.ciddic.unicamp.br\/ciddic\/wp-content\/uploads\/2025\/05\/manha-radiosa.png 591w, https:\/\/www.ciddic.unicamp.br\/ciddic\/wp-content\/uploads\/2025\/05\/manha-radiosa-213x300.png 213w\" sizes=\"auto, (max-width: 591px) 100vw, 591px\" \/><\/a><\/figure>\n\n<div class=\"wp-block-post-date has-small-font-size\"><time datetime=\"2025-05-19T16:47:39-03:00\">19 de maio de 2025<\/time><\/div>\n\n<h2 style=\"font-style:normal;font-weight:700; padding-top:0;padding-bottom:0;\" class=\"has-link-color wp-elements-4f5047ec7958ff10dca2453680784e80 wp-block-post-title has-text-color has-black-color has-medium-font-size\"><a href=\"https:\/\/www.ciddic.unicamp.br\/ciddic\/manha-radiosa-peca-sinfonica\/\" target=\"_self\" >Manh\u00e3 Radiosa : pe\u00e7a sinf\u00f4nica<\/a><\/h2>\n\n<div style=\"padding-right:0;padding-left:0;padding-top:0;padding-bottom:0;\" class=\"has-link-color wp-elements-e1c52f2dc095adaa2fbe18a349ac5b55 wp-block-post-excerpt\"><p class=\"wp-block-post-excerpt__excerpt\">Autor(es): Dinor\u00e1 de Carvalho ; organiza\u00e7\u00e3o e apresenta\u00e7\u00e3o: Tadeu Moraes Taffarello e Vitor Alves de Mello Lopes ; pref\u00e1cio: Maria L\u00facia Senna Machado Pascoal Acesso eletr\u00f4nico: https:\/\/www.bibliotecadigital.unicamp.br\/bd\/index.php\/detalhes-material\/?code=120413 DOI: https:\/\/doi.org\/10.20396\/ISBN9786587175751 Resumo: Manh\u00e3 radiosa, pe\u00e7a de Dinor\u00e1 de Carvalho, traz apontamentos sobre&hellip;<\/p><p class=\"wp-block-post-excerpt__more-text\"><a class=\"wp-block-post-excerpt__more-link\" href=\"https:\/\/www.ciddic.unicamp.br\/ciddic\/manha-radiosa-peca-sinfonica\/\">Saiba mais<\/a><\/p><\/div><\/div>\n<\/div>\n\n<\/li><li data-wp-key=\"post-template-item-28917\" class=\"wp-block-post post-28917 post type-post status-publish format-standard has-post-thumbnail hentry category-publicacoes\">\n\n<div class=\"wp-block-columns is-layout-flex wp-container-core-columns-is-layout-2000334d wp-block-columns-is-layout-flex\" style=\"padding-top:0;padding-right:0;padding-bottom:0;padding-left:0\">\n<div class=\"wp-block-column is-layout-flow wp-block-column-is-layout-flow\" style=\"padding-top:var(--wp--preset--spacing--30);padding-right:var(--wp--preset--spacing--30);padding-bottom:var(--wp--preset--spacing--30);padding-left:var(--wp--preset--spacing--30)\"><figure style=\"aspect-ratio:auto;\" class=\"wp-block-post-featured-image\"><a href=\"https:\/\/www.ciddic.unicamp.br\/ciddic\/cdmc-35-anos-interlocucoes-entre-musica-e-ciencia-da-informacao\/\" target=\"_self\"  ><img loading=\"lazy\" decoding=\"async\" width=\"1414\" height=\"2000\" src=\"https:\/\/www.ciddic.unicamp.br\/ciddic\/wp-content\/uploads\/2025\/05\/cdmc35anos.jpg\" class=\"attachment-post-thumbnail size-post-thumbnail wp-post-image\" alt=\"CDMC 35 anos: interlocu\u00e7\u00f5es entre M\u00fasica e Ci\u00eancia da Informa\u00e7\u00e3o\" style=\"width:100%;height:100%;object-fit:contain;\" srcset=\"https:\/\/www.ciddic.unicamp.br\/ciddic\/wp-content\/uploads\/2025\/05\/cdmc35anos.jpg 1414w, https:\/\/www.ciddic.unicamp.br\/ciddic\/wp-content\/uploads\/2025\/05\/cdmc35anos-212x300.jpg 212w, https:\/\/www.ciddic.unicamp.br\/ciddic\/wp-content\/uploads\/2025\/05\/cdmc35anos-724x1024.jpg 724w, https:\/\/www.ciddic.unicamp.br\/ciddic\/wp-content\/uploads\/2025\/05\/cdmc35anos-768x1086.jpg 768w, https:\/\/www.ciddic.unicamp.br\/ciddic\/wp-content\/uploads\/2025\/05\/cdmc35anos-1086x1536.jpg 1086w\" sizes=\"auto, (max-width: 1414px) 100vw, 1414px\" \/><\/a><\/figure>\n\n<div class=\"wp-block-post-date has-small-font-size\"><time datetime=\"2025-05-05T13:52:45-03:00\">5 de maio de 2025<\/time><\/div>\n\n<h2 style=\"font-style:normal;font-weight:700; padding-top:0;padding-bottom:0;\" class=\"has-link-color wp-elements-4f5047ec7958ff10dca2453680784e80 wp-block-post-title has-text-color has-black-color has-medium-font-size\"><a href=\"https:\/\/www.ciddic.unicamp.br\/ciddic\/cdmc-35-anos-interlocucoes-entre-musica-e-ciencia-da-informacao\/\" target=\"_self\" >CDMC 35 anos: interlocu\u00e7\u00f5es entre M\u00fasica e Ci\u00eancia da Informa\u00e7\u00e3o<\/a><\/h2>\n\n<div style=\"padding-right:0;padding-left:0;padding-top:0;padding-bottom:0;\" class=\"has-link-color wp-elements-e1c52f2dc095adaa2fbe18a349ac5b55 wp-block-post-excerpt\"><p class=\"wp-block-post-excerpt__excerpt\">Autor(es): Organizadores Raquel Juliana Prado Leite de Sousa e Tadeu Morares Taffarello Resumo: Apresenta os resumos de trabalhos do evento CDMC 35 anos, realizado pelo Centro de Documenta\u00e7\u00e3o de M\u00fasica Contempor\u00e2nea (CDMC) em 4 e 5 de novembro de 2024.&hellip;<\/p><p class=\"wp-block-post-excerpt__more-text\"><a class=\"wp-block-post-excerpt__more-link\" href=\"https:\/\/www.ciddic.unicamp.br\/ciddic\/cdmc-35-anos-interlocucoes-entre-musica-e-ciencia-da-informacao\/\">Saiba mais<\/a><\/p><\/div><\/div>\n<\/div>\n\n<\/li><li data-wp-key=\"post-template-item-28301\" class=\"wp-block-post post-28301 post type-post status-publish format-standard has-post-thumbnail hentry category-publicacoes\">\n\n<div class=\"wp-block-columns is-layout-flex wp-container-core-columns-is-layout-2000334d wp-block-columns-is-layout-flex\" style=\"padding-top:0;padding-right:0;padding-bottom:0;padding-left:0\">\n<div class=\"wp-block-column is-layout-flow wp-block-column-is-layout-flow\" style=\"padding-top:var(--wp--preset--spacing--30);padding-right:var(--wp--preset--spacing--30);padding-bottom:var(--wp--preset--spacing--30);padding-left:var(--wp--preset--spacing--30)\"><figure style=\"aspect-ratio:auto;\" class=\"wp-block-post-featured-image\"><a href=\"https:\/\/www.ciddic.unicamp.br\/ciddic\/vales-e-vales-ii-para-piano-solo\/\" target=\"_self\"  ><img loading=\"lazy\" decoding=\"async\" width=\"991\" height=\"1403\" src=\"https:\/\/www.ciddic.unicamp.br\/ciddic\/wp-content\/uploads\/2025\/02\/vales_e_vales-II.png\" class=\"attachment-post-thumbnail size-post-thumbnail wp-post-image\" alt=\"Vales e vales II: para piano solo\" style=\"width:100%;height:100%;object-fit:contain;\" \/><\/a><\/figure>\n\n<div class=\"wp-block-post-date has-small-font-size\"><time datetime=\"2025-02-18T13:41:32-03:00\">18 de fevereiro de 2025<\/time><\/div>\n\n<h2 style=\"font-style:normal;font-weight:700; padding-top:0;padding-bottom:0;\" class=\"has-link-color wp-elements-4f5047ec7958ff10dca2453680784e80 wp-block-post-title has-text-color has-black-color has-medium-font-size\"><a href=\"https:\/\/www.ciddic.unicamp.br\/ciddic\/vales-e-vales-ii-para-piano-solo\/\" target=\"_self\" >Vales e vales II: para piano solo<\/a><\/h2>\n\n<div style=\"padding-right:0;padding-left:0;padding-top:0;padding-bottom:0;\" class=\"has-link-color wp-elements-e1c52f2dc095adaa2fbe18a349ac5b55 wp-block-post-excerpt\"><p class=\"wp-block-post-excerpt__excerpt\">Autor(es): Maria Helena Rosas Fernandes ; organiza\u00e7\u00e3o: Tadeu Moraes Taffarello; pref\u00e1cio: Juliana Abra Olivato. Acesso eletr\u00f4nico: https:\/\/www.bibliotecadigital.unicamp.br\/bd\/index.php\/detalhes-material\/?code=119780 DOI: https:\/\/doi.org\/10.20396\/ISBN9786587175713 Palavras-Chave: M\u00fasica para piano solo. M\u00fasica brasileira. Notas: Modo de acesso: WWW. Publica\u00e7\u00e3o digital (e-book) \u2013 PDF: 20,2 MB. ISBN: 978-65-87175-71-3&hellip;<\/p><p class=\"wp-block-post-excerpt__more-text\"><a class=\"wp-block-post-excerpt__more-link\" href=\"https:\/\/www.ciddic.unicamp.br\/ciddic\/vales-e-vales-ii-para-piano-solo\/\">Saiba mais<\/a><\/p><\/div><\/div>\n<\/div>\n\n<\/li><li data-wp-key=\"post-template-item-28285\" class=\"wp-block-post post-28285 post type-post status-publish format-standard has-post-thumbnail hentry category-publicacoes\">\n\n<div class=\"wp-block-columns is-layout-flex wp-container-core-columns-is-layout-2000334d wp-block-columns-is-layout-flex\" style=\"padding-top:0;padding-right:0;padding-bottom:0;padding-left:0\">\n<div class=\"wp-block-column is-layout-flow wp-block-column-is-layout-flow\" style=\"padding-top:var(--wp--preset--spacing--30);padding-right:var(--wp--preset--spacing--30);padding-bottom:var(--wp--preset--spacing--30);padding-left:var(--wp--preset--spacing--30)\"><figure style=\"aspect-ratio:auto;\" class=\"wp-block-post-featured-image\"><a href=\"https:\/\/www.ciddic.unicamp.br\/ciddic\/fantasia-para-piano-e-orquestra\/\" target=\"_self\"  ><img loading=\"lazy\" decoding=\"async\" width=\"1810\" height=\"2560\" src=\"https:\/\/www.ciddic.unicamp.br\/ciddic\/wp-content\/uploads\/2024\/11\/fantasia-scaled-1.jpg\" class=\"attachment-post-thumbnail size-post-thumbnail wp-post-image\" alt=\"Fantasia : para piano e orquestra\" style=\"width:100%;height:100%;object-fit:contain;\" \/><\/a><\/figure>\n\n<div class=\"wp-block-post-date has-small-font-size\"><time datetime=\"2024-11-26T08:55:59-03:00\">26 de novembro de 2024<\/time><\/div>\n\n<h2 style=\"font-style:normal;font-weight:700; padding-top:0;padding-bottom:0;\" class=\"has-link-color wp-elements-4f5047ec7958ff10dca2453680784e80 wp-block-post-title has-text-color has-black-color has-medium-font-size\"><a href=\"https:\/\/www.ciddic.unicamp.br\/ciddic\/fantasia-para-piano-e-orquestra\/\" target=\"_self\" >Fantasia : para piano e orquestra<\/a><\/h2>\n\n<div style=\"padding-right:0;padding-left:0;padding-top:0;padding-bottom:0;\" class=\"has-link-color wp-elements-e1c52f2dc095adaa2fbe18a349ac5b55 wp-block-post-excerpt\"><p class=\"wp-block-post-excerpt__excerpt\">Autor(es): Dinor\u00e1 de Carvalho ; Organiza\u00e7\u00e3o e apresenta\u00e7\u00e3o: Tadeu Moraes Taffarello ; Pref\u00e1cio: Sylvia Maltese. Resumo: A Fantasia para piano e orquestra, tamb\u00e9m conhecida como Fantasia Brasileira ou Fantasia-Concerto, foi composta por Dinor\u00e1 de Carvalho em 1934 e dedicada a&hellip;<\/p><p class=\"wp-block-post-excerpt__more-text\"><a class=\"wp-block-post-excerpt__more-link\" href=\"https:\/\/www.ciddic.unicamp.br\/ciddic\/fantasia-para-piano-e-orquestra\/\">Saiba mais<\/a><\/p><\/div><\/div>\n<\/div>\n\n<\/li><li data-wp-key=\"post-template-item-28283\" class=\"wp-block-post post-28283 post type-post status-publish format-standard has-post-thumbnail hentry category-publicacoes\">\n\n<div class=\"wp-block-columns is-layout-flex wp-container-core-columns-is-layout-2000334d wp-block-columns-is-layout-flex\" style=\"padding-top:0;padding-right:0;padding-bottom:0;padding-left:0\">\n<div class=\"wp-block-column is-layout-flow wp-block-column-is-layout-flow\" style=\"padding-top:var(--wp--preset--spacing--30);padding-right:var(--wp--preset--spacing--30);padding-bottom:var(--wp--preset--spacing--30);padding-left:var(--wp--preset--spacing--30)\"><figure style=\"aspect-ratio:auto;\" class=\"wp-block-post-featured-image\"><a href=\"https:\/\/www.ciddic.unicamp.br\/ciddic\/mais-de-20-pekenas-suaves-melodias-feitas-em-formato-pop-pra-serem-tocadas-com-o-sorriso-do-ivon-cury-e-o-vibrato-do-monetario-financeiro-para-trompete-piano-violino-e-clarinete\/\" target=\"_self\"  ><img loading=\"lazy\" decoding=\"async\" width=\"1810\" height=\"2560\" src=\"https:\/\/www.ciddic.unicamp.br\/ciddic\/wp-content\/uploads\/2024\/11\/levy-scaled-1.jpg\" class=\"attachment-post-thumbnail size-post-thumbnail wp-post-image\" alt=\"Mais de 20 pekenas suaves melodias feitas em formato pop pra serem tocadas com o sorriso do Ivon Cury e o vibrato do Monet\u00e1rio &#038; Financeiro : para trompete, piano, violino e clarinete\" style=\"width:100%;height:100%;object-fit:contain;\" \/><\/a><\/figure>\n\n<div class=\"wp-block-post-date has-small-font-size\"><time datetime=\"2024-11-21T14:50:08-03:00\">21 de novembro de 2024<\/time><\/div>\n\n<h2 style=\"font-style:normal;font-weight:700; padding-top:0;padding-bottom:0;\" class=\"has-link-color wp-elements-4f5047ec7958ff10dca2453680784e80 wp-block-post-title has-text-color has-black-color has-medium-font-size\"><a href=\"https:\/\/www.ciddic.unicamp.br\/ciddic\/mais-de-20-pekenas-suaves-melodias-feitas-em-formato-pop-pra-serem-tocadas-com-o-sorriso-do-ivon-cury-e-o-vibrato-do-monetario-financeiro-para-trompete-piano-violino-e-clarinete\/\" target=\"_self\" >Mais de 20 pekenas suaves melodias feitas em formato pop pra serem tocadas com o sorriso do Ivon Cury e o vibrato do Monet\u00e1rio &#038; Financeiro : para trompete, piano, violino e clarinete<\/a><\/h2>\n\n<div style=\"padding-right:0;padding-left:0;padding-top:0;padding-bottom:0;\" class=\"has-link-color wp-elements-e1c52f2dc095adaa2fbe18a349ac5b55 wp-block-post-excerpt\"><p class=\"wp-block-post-excerpt__excerpt\">Autor(es): Levy Damiano Cozzella ; organiza\u00e7\u00e3o: Tadeu Moraes Taffarello, Fernando de Oliveira Magre, Paulo Adriano Ronqui e Sonia Regina Albano de Lima. Resumo: O projeto Fomento, Editora\u00e7\u00e3o e Divulga\u00e7\u00e3o de Composi\u00e7\u00f5es Musicais Brasileira, criado pela Profa. Dra. Sonia R. Albano&hellip;<\/p><p class=\"wp-block-post-excerpt__more-text\"><a class=\"wp-block-post-excerpt__more-link\" href=\"https:\/\/www.ciddic.unicamp.br\/ciddic\/mais-de-20-pekenas-suaves-melodias-feitas-em-formato-pop-pra-serem-tocadas-com-o-sorriso-do-ivon-cury-e-o-vibrato-do-monetario-financeiro-para-trompete-piano-violino-e-clarinete\/\">Saiba mais<\/a><\/p><\/div><\/div>\n<\/div>\n\n<\/li><\/ul>\n\n<nav class=\"aligncenter wp-elements-4eeaad1d73ca43eb7e9eab9112c0b97f wp-block-query-pagination is-content-justification-center is-layout-flex wp-container-core-query-pagination-is-layout-c124d1c4 wp-block-query-pagination-is-layout-flex\" aria-label=\"Pagina\u00e7\u00e3o\">\n\n\n<div style=\"font-size:16px;\" class=\"wp-block-query-pagination-numbers\"><span data-wp-key=\"index-0\" aria-current=\"page\" class=\"page-numbers current\">1<\/span>\n<a data-wp-key=\"index-1\" data-wp-on--click=\"core\/query::actions.navigate\" class=\"page-numbers\" href=\"?query-17-page=2\">2<\/a>\n<a data-wp-key=\"index-2\" data-wp-on--click=\"core\/query::actions.navigate\" class=\"page-numbers\" href=\"?query-17-page=3\">3<\/a><\/div>\n\n<a data-wp-key=\"query-pagination-next\" data-wp-on--click=\"core\/query::actions.navigate\" data-wp-on--mouseenter=\"core\/query::actions.prefetch\" data-wp-watch=\"core\/query::callbacks.prefetch\" href=\"\/ciddic\/wp-json\/wp\/v2\/pages\/5849?query-17-page=2\" style=\"font-size:16px;\" class=\"wp-block-query-pagination-next\">Pr\u00f3xima<span class='wp-block-query-pagination-next-arrow is-arrow-arrow' aria-hidden='true'>\u2192<\/span><\/a>\n<\/nav>\n\n\n<p class=\"has-text-align-center\" style=\"font-size:16px;line-height:1.5\"><a href=\"https:\/\/www.ciddic.unicamp.br\/ciddic\/category\/publicacoes\">(Ver todas)<\/a><\/p>\n\n\n<\/div>\n\n\n\n<p><\/p>\n","protected":false},"excerpt":{"rendered":"","protected":false},"author":1,"featured_media":0,"parent":0,"menu_order":0,"comment_status":"closed","ping_status":"closed","template":"","meta":{"site-sidebar-layout":"default","site-content-layout":"default","ast-site-content-layout":"default","site-content-style":"default","site-sidebar-style":"default","ast-global-header-display":"","ast-banner-title-visibility":"","ast-main-header-display":"","ast-hfb-above-header-display":"","ast-hfb-below-header-display":"","ast-hfb-mobile-header-display":"","site-post-title":"","ast-breadcrumbs-content":"","ast-featured-img":"","footer-sml-layout":"","ast-disable-related-posts":"","theme-transparent-header-meta":"","adv-header-id-meta":"","stick-header-meta":"","header-above-stick-meta":"","header-main-stick-meta":"","header-below-stick-meta":"","astra-migrate-meta-layouts":"set","ast-page-background-enabled":"default","ast-page-background-meta":{"desktop":{"background-color":"var(--ast-global-color-4)","background-image":"","background-repeat":"repeat","background-position":"center center","background-size":"auto","background-attachment":"scroll","background-type":"","background-media":"","overlay-type":"","overlay-color":"","overlay-opacity":"","overlay-gradient":""},"tablet":{"background-color":"","background-image":"","background-repeat":"repeat","background-position":"center center","background-size":"auto","background-attachment":"scroll","background-type":"","background-media":"","overlay-type":"","overlay-color":"","overlay-opacity":"","overlay-gradient":""},"mobile":{"background-color":"","background-image":"","background-repeat":"repeat","background-position":"center center","background-size":"auto","background-attachment":"scroll","background-type":"","background-media":"","overlay-type":"","overlay-color":"","overlay-opacity":"","overlay-gradient":""}},"ast-content-background-meta":{"desktop":{"background-color":"var(--ast-global-color-5)","background-image":"","background-repeat":"repeat","background-position":"center center","background-size":"auto","background-attachment":"scroll","background-type":"","background-media":"","overlay-type":"","overlay-color":"","overlay-opacity":"","overlay-gradient":""},"tablet":{"background-color":"var(--ast-global-color-5)","background-image":"","background-repeat":"repeat","background-position":"center center","background-size":"auto","background-attachment":"scroll","background-type":"","background-media":"","overlay-type":"","overlay-color":"","overlay-opacity":"","overlay-gradient":""},"mobile":{"background-color":"var(--ast-global-color-5)","background-image":"","background-repeat":"repeat","background-position":"center center","background-size":"auto","background-attachment":"scroll","background-type":"","background-media":"","overlay-type":"","overlay-color":"","overlay-opacity":"","overlay-gradient":""}},"footnotes":""},"class_list":["post-5849","page","type-page","status-publish","hentry"],"_links":{"self":[{"href":"https:\/\/www.ciddic.unicamp.br\/ciddic\/wp-json\/wp\/v2\/pages\/5849","targetHints":{"allow":["GET"]}}],"collection":[{"href":"https:\/\/www.ciddic.unicamp.br\/ciddic\/wp-json\/wp\/v2\/pages"}],"about":[{"href":"https:\/\/www.ciddic.unicamp.br\/ciddic\/wp-json\/wp\/v2\/types\/page"}],"author":[{"embeddable":true,"href":"https:\/\/www.ciddic.unicamp.br\/ciddic\/wp-json\/wp\/v2\/users\/1"}],"replies":[{"embeddable":true,"href":"https:\/\/www.ciddic.unicamp.br\/ciddic\/wp-json\/wp\/v2\/comments?post=5849"}],"version-history":[{"count":131,"href":"https:\/\/www.ciddic.unicamp.br\/ciddic\/wp-json\/wp\/v2\/pages\/5849\/revisions"}],"predecessor-version":[{"id":28586,"href":"https:\/\/www.ciddic.unicamp.br\/ciddic\/wp-json\/wp\/v2\/pages\/5849\/revisions\/28586"}],"wp:attachment":[{"href":"https:\/\/www.ciddic.unicamp.br\/ciddic\/wp-json\/wp\/v2\/media?parent=5849"}],"curies":[{"name":"wp","href":"https:\/\/api.w.org\/{rel}","templated":true}]}}