{"id":651,"date":"2017-11-09T15:05:55","date_gmt":"2017-11-09T17:05:55","guid":{"rendered":"https:\/\/www.ciddic.unicamp.br\/ciddic\/?page_id=651"},"modified":"2026-03-30T16:52:42","modified_gmt":"2026-03-30T19:52:42","slug":"coordenadoria","status":"publish","type":"page","link":"https:\/\/www.ciddic.unicamp.br\/ciddic\/coordenadoria\/","title":{"rendered":"Coordenadoria"},"content":{"rendered":"\n<hr class=\"wp-block-separator has-text-color has-alpha-channel-opacity has-background is-style-wide\" style=\"background-color:#1eb5b3;color:#1eb5b3\"\/>\n\n\n\n<h4 class=\"wp-block-heading\"><strong>Coordenador<\/strong><\/h4>\n\n\n\n<hr class=\"wp-block-separator has-text-color has-alpha-channel-opacity has-background is-style-wide\" style=\"background-color:#1eb5b3;color:#1eb5b3\"\/>\n\n\n\n<div class=\"wp-block-media-text is-stacked-on-mobile is-vertically-aligned-top\" style=\"padding-top:var(--wp--preset--spacing--20);padding-right:var(--wp--preset--spacing--20);padding-bottom:var(--wp--preset--spacing--20);padding-left:var(--wp--preset--spacing--20);grid-template-columns:43% auto\"><figure class=\"wp-block-media-text__media\"><img loading=\"lazy\" decoding=\"async\" width=\"683\" height=\"1024\" src=\"https:\/\/www.ciddic.unicamp.br\/ciddic\/wp-content\/uploads\/2025\/08\/adonhiran_reis-683x1024.jpg\" alt=\"\" class=\"wp-image-29258 size-full\" srcset=\"https:\/\/www.ciddic.unicamp.br\/ciddic\/wp-content\/uploads\/2025\/08\/adonhiran_reis-683x1024.jpg 683w, https:\/\/www.ciddic.unicamp.br\/ciddic\/wp-content\/uploads\/2025\/08\/adonhiran_reis-200x300.jpg 200w, https:\/\/www.ciddic.unicamp.br\/ciddic\/wp-content\/uploads\/2025\/08\/adonhiran_reis-768x1152.jpg 768w, https:\/\/www.ciddic.unicamp.br\/ciddic\/wp-content\/uploads\/2025\/08\/adonhiran_reis-1024x1536.jpg 1024w, https:\/\/www.ciddic.unicamp.br\/ciddic\/wp-content\/uploads\/2025\/08\/adonhiran_reis-1365x2048.jpg 1365w, https:\/\/www.ciddic.unicamp.br\/ciddic\/wp-content\/uploads\/2025\/08\/adonhiran_reis-scaled.jpg 1707w\" sizes=\"auto, (max-width: 683px) 100vw, 683px\" \/><\/figure><div class=\"wp-block-media-text__content\">\n<h3 class=\"wp-block-heading has-text-align-left\"><strong>Prof. Dr. Adonhiran Reis<\/strong><\/h3>\n\n\n\n<p style=\"line-height:1.4\">Adonhiran Reis \u00e9 professor de violino e m\u00fasica de c\u00e2mara no Instituto de Artes da Universidade Estadual de Campinas, onde desenvolve atividades de ensino, pesquisa e extens\u00e3o. Iniciou seus estudos com Marie Christine Springuel e Paulo Bosisio, aperfei\u00e7oando-se posteriormente em Paris como bolsista da Funda\u00e7\u00e3o Vitae.<\/p>\n\n\n\n<p>Atua regularmente nos principais palcos e festivais do Brasil, al\u00e9m de apresenta\u00e7\u00f5es na Fran\u00e7a, Alemanha, Col\u00f4mbia e Tun\u00edsia, ao lado de artistas como Antonio Meneses, Bruno Giuranna e Hagai Shaham. Entre 2018 e 2020, foi professor de violino da Universidade Federal de Minas Gerais (UFMG).<\/p>\n\n\n\n<p>Paralelamente \u00e0 atividade docente, integra o Quarteto Carlos Gomes, com o qual lan\u00e7ou diversos \u00e1lbuns dedicados a obras de compositores como Nepomuceno, Levy, Gomes, Vel\u00e1squez (vencedor do Pr\u00eamio Bravo! de Melhor Disco Erudito de 2018), Guinga, e a integral dos quartetos de Mendelssohn. Em 2019, publicou um livro sobre a pr\u00e1tica camer\u00edstica de quartetos de cordas e, atualmente, coordena o Grupo de Estudos da Performance de Instrumentos de Cordas (GEPInC), vinculado ao CNPq.<\/p>\n\n\n\n<p style=\"line-height:1.4\">Na UNICAMP, j\u00e1 exerceu as fun\u00e7\u00f5es de Coordenador de Extens\u00e3o do Instituto de Artes e de Coordenador do Programa de P\u00f3s-Gradua\u00e7\u00e3o em M\u00fasica. Desde 2025, \u00e9 o Coordenador do Centro de Integra\u00e7\u00e3o, Documenta\u00e7\u00e3o e Difus\u00e3o Cultural da UNICAMP (CIDDIC), onde atua na gest\u00e3o de acervos, projetos culturais e a\u00e7\u00f5es interdisciplinares de difus\u00e3o da produ\u00e7\u00e3o art\u00edstica e cient\u00edfica.<\/p>\n<\/div><\/div>\n\n\n\n<div class=\"wp-block-group alignfull is-layout-constrained wp-block-group-is-layout-constrained\">\n<hr class=\"wp-block-separator has-text-color has-alpha-channel-opacity has-background is-style-wide\" style=\"background-color:#00aaad;color:#00aaad\"\/>\n\n\n\n<h3 class=\"wp-block-heading\"><strong>Ex-coordenadores<\/strong><\/h3>\n\n\n\n<div class=\"wp-block-query alignfull is-layout-flow wp-block-query-is-layout-flow\">\n<hr class=\"wp-block-separator has-text-color has-alpha-channel-opacity has-background is-style-wide\" style=\"background-color:#00aaad;color:#00aaad\"\/>\n\n\n<ul class=\"columns-2 wp-block-post-template is-layout-grid wp-container-core-post-template-is-layout-f12a65ed wp-block-post-template-is-layout-grid\"><li class=\"wp-block-post post-30514 post type-post status-publish format-standard has-post-thumbnail hentry category-ex-coordenadores-ciddic\">\n\n<div class=\"wp-block-columns is-layout-flex wp-container-core-columns-is-layout-28f84493 wp-block-columns-is-layout-flex\">\n<div class=\"wp-block-column is-vertically-aligned-top is-layout-flow wp-block-column-is-layout-flow\"><h2 style=\"font-style:normal;font-weight:700; padding-top:0;margin-top:0;\" class=\"has-text-align-center has-link-color wp-elements-8f0b86f8c373b82f59af7bfa541cf3c8 wp-block-post-title has-text-color has-ast-global-color-0-color has-medium-font-size\"><a href=\"https:\/\/www.ciddic.unicamp.br\/ciddic\/prof-dr-mauricy-matos-martin\/\" target=\"_self\" >Prof. Dr. Mauricy Matos Martin<\/a><\/h2>\n\n<figure style=\"aspect-ratio:16\/9;\" class=\"alignleft wp-block-post-featured-image\"><a href=\"https:\/\/www.ciddic.unicamp.br\/ciddic\/prof-dr-mauricy-matos-martin\/\" target=\"_self\"  ><img loading=\"lazy\" decoding=\"async\" width=\"454\" height=\"454\" src=\"https:\/\/www.ciddic.unicamp.br\/ciddic\/wp-content\/uploads\/2020\/03\/Mauricy_Martin.jpg\" class=\"attachment-post-thumbnail size-post-thumbnail wp-post-image\" alt=\"Prof. Dr. Mauricy Matos Martin\" style=\"width:100%;height:100%;object-fit:contain;\" srcset=\"https:\/\/www.ciddic.unicamp.br\/ciddic\/wp-content\/uploads\/2020\/03\/Mauricy_Martin.jpg 454w, https:\/\/www.ciddic.unicamp.br\/ciddic\/wp-content\/uploads\/2020\/03\/Mauricy_Martin-300x300.jpg 300w, https:\/\/www.ciddic.unicamp.br\/ciddic\/wp-content\/uploads\/2020\/03\/Mauricy_Martin-150x150.jpg 150w, https:\/\/www.ciddic.unicamp.br\/ciddic\/wp-content\/uploads\/2020\/03\/Mauricy_Martin-24x24.jpg 24w, https:\/\/www.ciddic.unicamp.br\/ciddic\/wp-content\/uploads\/2020\/03\/Mauricy_Martin-36x36.jpg 36w, https:\/\/www.ciddic.unicamp.br\/ciddic\/wp-content\/uploads\/2020\/03\/Mauricy_Martin-48x48.jpg 48w, https:\/\/www.ciddic.unicamp.br\/ciddic\/wp-content\/uploads\/2020\/03\/Mauricy_Martin-45x45.jpg 45w\" sizes=\"auto, (max-width: 454px) 100vw, 454px\" \/><\/a><\/figure><\/div>\n<\/div>\n\n<\/li><li class=\"wp-block-post post-28129 post type-post status-publish format-standard has-post-thumbnail hentry category-ex-coordenadores-ciddic\">\n\n<div class=\"wp-block-columns is-layout-flex wp-container-core-columns-is-layout-28f84493 wp-block-columns-is-layout-flex\">\n<div class=\"wp-block-column is-vertically-aligned-top is-layout-flow wp-block-column-is-layout-flow\"><h2 style=\"font-style:normal;font-weight:700; padding-top:0;margin-top:0;\" class=\"has-text-align-center has-link-color wp-elements-8f0b86f8c373b82f59af7bfa541cf3c8 wp-block-post-title has-text-color has-ast-global-color-0-color has-medium-font-size\"><a href=\"https:\/\/www.ciddic.unicamp.br\/ciddic\/prof-dr-angelo-jose-fernandes\/\" target=\"_self\" >Prof. Dr. Angelo Jos\u00e9 Fernandes<\/a><\/h2>\n\n<figure style=\"aspect-ratio:16\/9;\" class=\"alignleft wp-block-post-featured-image\"><a href=\"https:\/\/www.ciddic.unicamp.br\/ciddic\/prof-dr-angelo-jose-fernandes\/\" target=\"_self\"  ><img loading=\"lazy\" decoding=\"async\" width=\"250\" height=\"328\" src=\"https:\/\/www.ciddic.unicamp.br\/ciddic\/wp-content\/uploads\/2017\/11\/angelo_jose_fernandes.jpg\" class=\"attachment-post-thumbnail size-post-thumbnail wp-post-image\" alt=\"Prof. Dr. Angelo Jos\u00e9 Fernandes\" style=\"width:100%;height:100%;object-fit:contain;\" srcset=\"https:\/\/www.ciddic.unicamp.br\/ciddic\/wp-content\/uploads\/2017\/11\/angelo_jose_fernandes.jpg 250w, https:\/\/www.ciddic.unicamp.br\/ciddic\/wp-content\/uploads\/2017\/11\/angelo_jose_fernandes-229x300.jpg 229w, https:\/\/www.ciddic.unicamp.br\/ciddic\/wp-content\/uploads\/2017\/11\/angelo_jose_fernandes-18x24.jpg 18w, https:\/\/www.ciddic.unicamp.br\/ciddic\/wp-content\/uploads\/2017\/11\/angelo_jose_fernandes-27x36.jpg 27w, https:\/\/www.ciddic.unicamp.br\/ciddic\/wp-content\/uploads\/2017\/11\/angelo_jose_fernandes-37x48.jpg 37w\" sizes=\"auto, (max-width: 250px) 100vw, 250px\" \/><\/a><\/figure><\/div>\n<\/div>\n\n<\/li><li class=\"wp-block-post post-8315 post type-post status-publish format-standard has-post-thumbnail hentry category-ex-coordenadores-ciddic\">\n\n<div class=\"wp-block-columns is-layout-flex wp-container-core-columns-is-layout-28f84493 wp-block-columns-is-layout-flex\">\n<div class=\"wp-block-column is-vertically-aligned-top is-layout-flow wp-block-column-is-layout-flow\"><h2 style=\"font-style:normal;font-weight:700; padding-top:0;margin-top:0;\" class=\"has-text-align-center has-link-color wp-elements-8f0b86f8c373b82f59af7bfa541cf3c8 wp-block-post-title has-text-color has-ast-global-color-0-color has-medium-font-size\"><a href=\"https:\/\/www.ciddic.unicamp.br\/ciddic\/profa-dra-denise-hortencia-lopes-garcia\/\" target=\"_self\" >Profa. Dra. Denise Hort\u00eancia Lopes Garcia<\/a><\/h2>\n\n<figure style=\"aspect-ratio:16\/9;\" class=\"alignleft wp-block-post-featured-image\"><a href=\"https:\/\/www.ciddic.unicamp.br\/ciddic\/profa-dra-denise-hortencia-lopes-garcia\/\" target=\"_self\"  ><img loading=\"lazy\" decoding=\"async\" width=\"250\" height=\"303\" src=\"https:\/\/www.ciddic.unicamp.br\/ciddic\/wp-content\/uploads\/2017\/11\/denise_garcia.jpg\" class=\"attachment-post-thumbnail size-post-thumbnail wp-post-image\" alt=\"Profa. Dra. Denise Hort\u00eancia Lopes Garcia\" style=\"width:100%;height:100%;object-fit:contain;\" srcset=\"https:\/\/www.ciddic.unicamp.br\/ciddic\/wp-content\/uploads\/2017\/11\/denise_garcia.jpg 250w, https:\/\/www.ciddic.unicamp.br\/ciddic\/wp-content\/uploads\/2017\/11\/denise_garcia-248x300.jpg 248w, https:\/\/www.ciddic.unicamp.br\/ciddic\/wp-content\/uploads\/2017\/11\/denise_garcia-20x24.jpg 20w, https:\/\/www.ciddic.unicamp.br\/ciddic\/wp-content\/uploads\/2017\/11\/denise_garcia-30x36.jpg 30w, https:\/\/www.ciddic.unicamp.br\/ciddic\/wp-content\/uploads\/2017\/11\/denise_garcia-40x48.jpg 40w\" sizes=\"auto, (max-width: 250px) 100vw, 250px\" \/><\/a><\/figure><\/div>\n<\/div>\n\n<\/li><\/ul>\n\n\n<hr class=\"wp-block-separator alignfull has-text-color has-alpha-channel-opacity has-background is-style-wide\" style=\"background-color:#00aaad;color:#00aaad\"\/>\n\n\n\n\n<\/div>\n<\/div>\n","protected":false},"excerpt":{"rendered":"<p>Coordenador Prof. Dr. Adonhiran Reis Adonhiran Reis \u00e9 professor de violino e m\u00fasica de c\u00e2mara no Instituto de Artes da Universidade Estadual de Campinas, onde desenvolve atividades de ensino, pesquisa e extens\u00e3o. Iniciou seus estudos com Marie Christine Springuel e Paulo Bosisio, aperfei\u00e7oando-se posteriormente em Paris como bolsista da Funda\u00e7\u00e3o Vitae. Atua regularmente nos principais [&hellip;]<\/p>\n","protected":false},"author":1,"featured_media":0,"parent":0,"menu_order":0,"comment_status":"closed","ping_status":"closed","template":"","meta":{"site-sidebar-layout":"no-sidebar","site-content-layout":"content-boxed-container","ast-site-content-layout":"normal-width-container","site-content-style":"boxed","site-sidebar-style":"unboxed","ast-global-header-display":"","ast-banner-title-visibility":"","ast-main-header-display":"","ast-hfb-above-header-display":"","ast-hfb-below-header-display":"","ast-hfb-mobile-header-display":"","site-post-title":"","ast-breadcrumbs-content":"","ast-featured-img":"","footer-sml-layout":"","ast-disable-related-posts":"","theme-transparent-header-meta":"","adv-header-id-meta":"","stick-header-meta":"","header-above-stick-meta":"","header-main-stick-meta":"","header-below-stick-meta":"","astra-migrate-meta-layouts":"set","ast-page-background-enabled":"default","ast-page-background-meta":{"desktop":{"background-color":"var(--ast-global-color-4)","background-image":"","background-repeat":"repeat","background-position":"center center","background-size":"auto","background-attachment":"scroll","background-type":"","background-media":"","overlay-type":"","overlay-color":"","overlay-opacity":"","overlay-gradient":""},"tablet":{"background-color":"","background-image":"","background-repeat":"repeat","background-position":"center center","background-size":"auto","background-attachment":"scroll","background-type":"","background-media":"","overlay-type":"","overlay-color":"","overlay-opacity":"","overlay-gradient":""},"mobile":{"background-color":"","background-image":"","background-repeat":"repeat","background-position":"center center","background-size":"auto","background-attachment":"scroll","background-type":"","background-media":"","overlay-type":"","overlay-color":"","overlay-opacity":"","overlay-gradient":""}},"ast-content-background-meta":{"desktop":{"background-color":"var(--ast-global-color-5)","background-image":"","background-repeat":"repeat","background-position":"center center","background-size":"auto","background-attachment":"scroll","background-type":"","background-media":"","overlay-type":"","overlay-color":"","overlay-opacity":"","overlay-gradient":""},"tablet":{"background-color":"var(--ast-global-color-5)","background-image":"","background-repeat":"repeat","background-position":"center center","background-size":"auto","background-attachment":"scroll","background-type":"","background-media":"","overlay-type":"","overlay-color":"","overlay-opacity":"","overlay-gradient":""},"mobile":{"background-color":"var(--ast-global-color-5)","background-image":"","background-repeat":"repeat","background-position":"center center","background-size":"auto","background-attachment":"scroll","background-type":"","background-media":"","overlay-type":"","overlay-color":"","overlay-opacity":"","overlay-gradient":""}},"footnotes":""},"class_list":["post-651","page","type-page","status-publish","hentry"],"_links":{"self":[{"href":"https:\/\/www.ciddic.unicamp.br\/ciddic\/wp-json\/wp\/v2\/pages\/651","targetHints":{"allow":["GET"]}}],"collection":[{"href":"https:\/\/www.ciddic.unicamp.br\/ciddic\/wp-json\/wp\/v2\/pages"}],"about":[{"href":"https:\/\/www.ciddic.unicamp.br\/ciddic\/wp-json\/wp\/v2\/types\/page"}],"author":[{"embeddable":true,"href":"https:\/\/www.ciddic.unicamp.br\/ciddic\/wp-json\/wp\/v2\/users\/1"}],"replies":[{"embeddable":true,"href":"https:\/\/www.ciddic.unicamp.br\/ciddic\/wp-json\/wp\/v2\/comments?post=651"}],"version-history":[{"count":84,"href":"https:\/\/www.ciddic.unicamp.br\/ciddic\/wp-json\/wp\/v2\/pages\/651\/revisions"}],"predecessor-version":[{"id":30516,"href":"https:\/\/www.ciddic.unicamp.br\/ciddic\/wp-json\/wp\/v2\/pages\/651\/revisions\/30516"}],"wp:attachment":[{"href":"https:\/\/www.ciddic.unicamp.br\/ciddic\/wp-json\/wp\/v2\/media?parent=651"}],"curies":[{"name":"wp","href":"https:\/\/api.w.org\/{rel}","templated":true}]}}