{"id":722,"date":"2018-01-04T17:16:26","date_gmt":"2018-01-04T19:16:26","guid":{"rendered":"https:\/\/www.ciddic.unicamp.br\/ciddic\/?page_id=722"},"modified":"2026-03-26T13:39:29","modified_gmt":"2026-03-26T16:39:29","slug":"equipe","status":"publish","type":"page","link":"https:\/\/www.ciddic.unicamp.br\/ciddic\/equipe\/","title":{"rendered":"Equipe"},"content":{"rendered":"\n<hr class=\"wp-block-separator has-text-color has-alpha-channel-opacity has-background is-style-wide\" style=\"background-color:#1eb5b3;color:#1eb5b3\"\/>\n\n\n\n<h2 class=\"wp-block-heading\">Coordena\u00e7\u00e3o<\/h2>\n\n\n\n<p>Coordenador<br><a href=\"mailto:coordenacao.ciddic@unicamp.br\" target=\"_blank\" rel=\"noreferrer noopener\">Prof. Dr. Adonhiran Reis<\/a><br><strong>Telefone:<\/strong> 3521-1702<\/p>\n\n\n\n<p>Coordenador Adjunto<br><a href=\"mailto:pronqui@unicamp.br\" target=\"_blank\" rel=\"noreferrer noopener\">Prof. Dr. Paulo Adriano Ronqui<\/a><br><strong>Telefone:<\/strong> 3521-1702<\/p>\n\n\n\n<h2 class=\"wp-block-heading\">Administra\u00e7\u00e3o<\/h2>\n\n\n\n<p>Assistente T\u00e9cnico<br><a href=\"mailto:atciddic@unicamp.br\" target=\"_blank\" rel=\"noreferrer noopener\">atciddic@unicamp.br<\/a><br><strong>Telefone:<\/strong> 3521-1702<\/p>\n\n\n\n<p>Secret\u00e1rio<br><a href=\"mailto:rhciddic@unicamp.br\">Vladimir Franco<\/a><br><strong>Telefone:<\/strong> 3521-6734<\/p>\n\n\n\n<p>Executivo-administrativo<br><a href=\"mailto:beth@unicamp.br\">Elizabeth da Silva Cornelio<\/a><br><strong>Telefone:<\/strong> 3521-5025<\/p>\n\n\n\n<p>Executivo-administrativo<br><a href=\"mailto:danmarti@unicamp.br\" target=\"_blank\" rel=\"noreferrer noopener\">Daniela Martins<\/a><br><strong>Telefone:<\/strong> 3521-5025<\/p>\n\n\n\n<p>Executivo-administrativo<br><a href=\"mailto:juliafl@unicamp.br\">Julia Franco Llanos<\/a><br><strong>Telefone:<\/strong> 3521-5025<\/p>\n\n\n\n<p>Executivo-financeiro<br><a href=\"mailto:rogerpg@unicamp.br\" target=\"_blank\" rel=\"noreferrer noopener\">Rog\u00e9rio Vicente Louren\u00e7o<\/a><br><strong>Telefone:<\/strong> 3521-1701<\/p>\n\n\n\n<p>Patrulheiro<br><a href=\"mailto:fidelis@unicamp.br\" target=\"_blank\" rel=\"noreferrer noopener\">Vinicius Fidelis dos Santos<\/a><br><strong>Telefone:<\/strong> 3521-5025<\/p>\n\n\n\n<h2 class=\"wp-block-heading\">Produ\u00e7\u00e3o Cultural<\/h2>\n\n\n\n<p>Produtor Cultural<br><a href=\"mailto:acauan@unicamp.br\">Acauan Fortes Normanton<\/a><br><strong>Telefone:<\/strong> 3521-6506<\/p>\n\n\n\n<p>Apoio Operacional<br><a href=\"mailto:angelofv@unicamp.br\" target=\"_blank\" rel=\"noreferrer noopener\">\u00c2ngelo de F\u00e1tima Valente da Silva<\/a><br><strong>Telefone:<\/strong> 3521-5002<\/p>\n\n\n\n<p>Bolsista<br><a href=\"mailto:j256906@dac.unicamp.br\" data-type=\"mailto\" data-id=\"mailto:j256906@dac.unicamp.br\">Jecino Nascimento Da Silva<\/a><\/p>\n\n\n\n<p>Bolsista<br><a href=\"mailto:i294841@dac.unicamp.br\">Isabelle Portilho<\/a><\/p>\n\n\n\n<h2 class=\"wp-block-heading\">Orquestra Sinf\u00f4nica Unicamp (OSU)<\/h2>\n\n\n\n<p>Supervisor<br><a href=\"mailto:coordenacao.osu@unicamp.br\" target=\"_blank\" rel=\"noreferrer noopener\">Eduardo Jose Palatim Semencio<\/a><br><strong>Telefone:<\/strong> 3521-5022<\/p>\n\n\n\n<p>Reg\u00eancia<br><a href=\"mailto:alireti@unicamp.br\">Cinthia Pinheiro Alireti <\/a><br><strong>Telefone:<\/strong> 3521-5022<\/p>\n\n\n\n<p>Arquivista<br><a href=\"mailto:lelig@unicamp.br\">Leandro Ligocki<\/a><br><strong>Telefone:<\/strong> 3521-5023<\/p>\n\n\n\n<h2 class=\"wp-block-heading\">Escola Livre de M\u00fasica (ELM)<\/h2>\n\n\n\n<p>Supervisor<br><a href=\"mailto:cleytontomazela@unicamp.br\" target=\"_blank\" rel=\"noreferrer noopener\">Cleyton Jose Tomazela<\/a><br><strong>Telefone:<\/strong> 3521-7673<\/p>\n\n\n\n<p>Apoio Administrativo<br><a href=\"mailto:nasilva@unicamp.br\">Natanael Alves<\/a><br><strong>Telefone:<\/strong> 3521-7673<\/p>\n\n\n\n<h2 class=\"wp-block-heading\">Coordena\u00e7\u00e3o de Documenta\u00e7\u00e3o de M\u00fasica Contempor\u00e2nea (CDMC)<\/h2>\n\n\n\n<p>Pesquisador<br><a href=\"mailto:tadeumt@unicamp.br\">Tadeu Moraes Taffarello<\/a><br><strong>Telefone:<\/strong> 3521-6533<\/p>\n\n\n\n<p>Bibliotec\u00e1ria<br><a href=\"mailto:raqueljp@unicamp.br\" target=\"_blank\" rel=\"noopener\">Raquel Juliana Prado Leite de Sousa<\/a><br><strong>Telefone:<\/strong> 3521-6533<\/p>\n\n\n\n<p>Profissional de administra\u00e7\u00e3o<br><a href=\"mailto:nicoles@unicamp.br\">Nicole Somera<\/a><br><strong>Telefone:<\/strong> 3521-6533<\/p>\n\n\n\n<h2 class=\"wp-block-heading\">Coral Unicamp Z\u00edper na Boca<\/h2>\n\n\n\n<p>Reg\u00eancia<br><a href=\"mailto:vivinog@unicamp.br\">Vivian Nogueira<\/a><br><strong>Telefone:<\/strong> 3521-5021<\/p>\n\n\n\n<p>Apoio Administrativo<br><a href=\"mailto:renatam@unicamp.br\">Renata Monteiro de Queiroz da Silva<\/a><br><strong>Telefone:<\/strong> 3521-5021<\/p>\n\n\n\n<h2 class=\"wp-block-heading\">Inform\u00e1tica<\/h2>\n\n\n\n<p>Profissional de Tecnologia da informa\u00e7\u00e3o e comunica\u00e7\u00e3o<br><a href=\"mailto:dborges@unicamp.br\">Douglas Aparecido Borges<\/a><br><strong>Telefone:<\/strong> 3521-1805<\/p>\n","protected":false},"excerpt":{"rendered":"<p>Coordena\u00e7\u00e3o CoordenadorProf. Dr. Adonhiran ReisTelefone: 3521-1702 Coordenador AdjuntoProf. Dr. Paulo Adriano RonquiTelefone: 3521-1702 Administra\u00e7\u00e3o Assistente T\u00e9cnicoatciddic@unicamp.brTelefone: 3521-1702 Secret\u00e1rioVladimir FrancoTelefone: 3521-6734 Executivo-administrativoElizabeth da Silva CornelioTelefone: 3521-5025 Executivo-administrativoDaniela MartinsTelefone: 3521-5025 Executivo-administrativoJulia Franco LlanosTelefone: 3521-5025 Executivo-financeiroRog\u00e9rio Vicente Louren\u00e7oTelefone: 3521-1701 PatrulheiroVinicius Fidelis dos SantosTelefone: 3521-5025 Produ\u00e7\u00e3o Cultural Produtor CulturalAcauan Fortes NormantonTelefone: 3521-6506 Apoio Operacional\u00c2ngelo de F\u00e1tima Valente da SilvaTelefone: [&hellip;]<\/p>\n","protected":false},"author":1,"featured_media":0,"parent":0,"menu_order":0,"comment_status":"closed","ping_status":"closed","template":"","meta":{"site-sidebar-layout":"no-sidebar","site-content-layout":"content-boxed-container","ast-site-content-layout":"normal-width-container","site-content-style":"boxed","site-sidebar-style":"unboxed","ast-global-header-display":"","ast-banner-title-visibility":"","ast-main-header-display":"","ast-hfb-above-header-display":"","ast-hfb-below-header-display":"","ast-hfb-mobile-header-display":"","site-post-title":"","ast-breadcrumbs-content":"","ast-featured-img":"","footer-sml-layout":"","ast-disable-related-posts":"","theme-transparent-header-meta":"","adv-header-id-meta":"","stick-header-meta":"","header-above-stick-meta":"","header-main-stick-meta":"","header-below-stick-meta":"","astra-migrate-meta-layouts":"set","ast-page-background-enabled":"default","ast-page-background-meta":{"desktop":{"background-color":"var(--ast-global-color-4)","background-image":"","background-repeat":"repeat","background-position":"center center","background-size":"auto","background-attachment":"scroll","background-type":"","background-media":"","overlay-type":"","overlay-color":"","overlay-opacity":"","overlay-gradient":""},"tablet":{"background-color":"","background-image":"","background-repeat":"repeat","background-position":"center center","background-size":"auto","background-attachment":"scroll","background-type":"","background-media":"","overlay-type":"","overlay-color":"","overlay-opacity":"","overlay-gradient":""},"mobile":{"background-color":"","background-image":"","background-repeat":"repeat","background-position":"center center","background-size":"auto","background-attachment":"scroll","background-type":"","background-media":"","overlay-type":"","overlay-color":"","overlay-opacity":"","overlay-gradient":""}},"ast-content-background-meta":{"desktop":{"background-color":"var(--ast-global-color-5)","background-image":"","background-repeat":"repeat","background-position":"center center","background-size":"auto","background-attachment":"scroll","background-type":"","background-media":"","overlay-type":"","overlay-color":"","overlay-opacity":"","overlay-gradient":""},"tablet":{"background-color":"var(--ast-global-color-5)","background-image":"","background-repeat":"repeat","background-position":"center center","background-size":"auto","background-attachment":"scroll","background-type":"","background-media":"","overlay-type":"","overlay-color":"","overlay-opacity":"","overlay-gradient":""},"mobile":{"background-color":"var(--ast-global-color-5)","background-image":"","background-repeat":"repeat","background-position":"center center","background-size":"auto","background-attachment":"scroll","background-type":"","background-media":"","overlay-type":"","overlay-color":"","overlay-opacity":"","overlay-gradient":""}},"footnotes":""},"class_list":["post-722","page","type-page","status-publish","hentry"],"_links":{"self":[{"href":"https:\/\/www.ciddic.unicamp.br\/ciddic\/wp-json\/wp\/v2\/pages\/722","targetHints":{"allow":["GET"]}}],"collection":[{"href":"https:\/\/www.ciddic.unicamp.br\/ciddic\/wp-json\/wp\/v2\/pages"}],"about":[{"href":"https:\/\/www.ciddic.unicamp.br\/ciddic\/wp-json\/wp\/v2\/types\/page"}],"author":[{"embeddable":true,"href":"https:\/\/www.ciddic.unicamp.br\/ciddic\/wp-json\/wp\/v2\/users\/1"}],"replies":[{"embeddable":true,"href":"https:\/\/www.ciddic.unicamp.br\/ciddic\/wp-json\/wp\/v2\/comments?post=722"}],"version-history":[{"count":59,"href":"https:\/\/www.ciddic.unicamp.br\/ciddic\/wp-json\/wp\/v2\/pages\/722\/revisions"}],"predecessor-version":[{"id":30501,"href":"https:\/\/www.ciddic.unicamp.br\/ciddic\/wp-json\/wp\/v2\/pages\/722\/revisions\/30501"}],"wp:attachment":[{"href":"https:\/\/www.ciddic.unicamp.br\/ciddic\/wp-json\/wp\/v2\/media?parent=722"}],"curies":[{"name":"wp","href":"https:\/\/api.w.org\/{rel}","templated":true}]}}