{"id":781,"date":"2018-01-05T16:50:53","date_gmt":"2018-01-05T18:50:53","guid":{"rendered":"https:\/\/www.ciddic.unicamp.br\/ciddic\/?page_id=781"},"modified":"2026-04-27T16:50:43","modified_gmt":"2026-04-27T19:50:43","slug":"atendimento-ao-publico","status":"publish","type":"page","link":"https:\/\/www.ciddic.unicamp.br\/ciddic\/cdmc\/atendimento-ao-publico\/","title":{"rendered":"Atendimento ao p\u00fablico"},"content":{"rendered":"\n<hr class=\"wp-block-separator has-text-color has-alpha-channel-opacity has-background is-style-wide\" style=\"background-color:#92318f;color:#92318f\"\/>\n\n\n\n<p>Hor\u00e1rio de funcionamento: de segunda a sexta-feira, das 9h00 \u00e0s 17h00;<\/p>\n\n\n\n<p><strong>Endere\u00e7o:<\/strong><\/p>\n\n\n\n<p>Centro de Documenta\u00e7\u00e3o de M\u00fasica Contempor\u00e2nea CDMC \/ CIDDIC.<br>Universidade Estadual de Campinas \u2013 UNICAMP.<br>Rua Bernardo Say\u00e3o, n\u00ba 38 \u2013 Bar\u00e3o Geraldo.<br>CEP: 13.083-866 Campinas, SP.<\/p>\n\n\n\n<p><strong>Acesso<\/strong><\/p>\n\n\n\n<p>O acesso do p\u00fablico ao acervo CDMC \u00e9 aberto \u00e0 comunidade em geral, sendo poss\u00edvel consultar todos os seus documentos tanto no local como pela base <a href=\"http:\/\/acervus.unicamp.br\/index.asp?busca=combinada\" target=\"_blank\" rel=\"noopener\">Acervus do SBU<\/a>. Fundos, cole\u00e7\u00f5es e itens avulsos ainda n\u00e3o inventariados e que se encontram na reserva t\u00e9cnica aguardando processamento t\u00e9cnico arquiv\u00edstico poder\u00e3o ser consultados apenas localmente.<\/p>\n\n\n\n<p><strong>Cadastro para visitantes \u2013 Comunidade Externa<\/strong><\/p>\n\n\n\n<p>\u00c9 necess\u00e1rio o preenchimento de formul\u00e1rio de identifica\u00e7\u00e3o. Para acessar o formul\u00e1rio de Termo de Compromisso e Cadastro de Visitantes, <a href=\"#Formul\u00e1rios-regulamentos-legisla\u00e7\u00e3o\" data-type=\"internal\" data-id=\"#Formul\u00e1rios-regulamentos-legisla\u00e7\u00e3o\">clique aqui<\/a>. O cadastro inclui dados pessoais, endere\u00e7o completo e tema da pesquisa. \u00c9 necess\u00e1rio apresentar documento de identidade.<\/p>\n\n\n\n<p><strong>Na Sala de Consulta<\/strong><\/p>\n\n\n\n<p>A perman\u00eancia na sala \u00e9 restrita ao per\u00edodo de consulta e o pesquisador pode portar objetos necess\u00e1rios \u00e0s anota\u00e7\u00f5es pessoais (papel, l\u00e1pis, notebook e m\u00e1quina fotogr\u00e1fica sem uso do flash).<\/p>\n\n\n\n<p><strong>Utiliza\u00e7\u00e3o e Reprodu\u00e7\u00e3o de Documentos<\/strong><\/p>\n\n\n\n<p>De acordo com a Lei 9.610\/98, obras de autores brasileiros ou pessoas domiciliadas em pa\u00eds que assegure aos brasileiros ou pessoas domiciliadas no Brasil a reciprocidade na prote\u00e7\u00e3o aos direitos autorais ou equivalentes s\u00f3 podem ser reproduzidas mediante autoriza\u00e7\u00e3o pr\u00e9via e expressa do autor. O pesquisador, portanto, caso deseje utilizar e realizar reprodu\u00e7\u00f5es do material que, de acordo com a Lei, necessitem de autoriza\u00e7\u00e3o do autor, dever\u00e1 trazer essa autoriza\u00e7\u00e3o por escrito e preencher o formul\u00e1rio de \u201cTermo de responsabilidade pelo uso e reprodu\u00e7\u00e3o de documentos\u201d dispon\u00edvel <a href=\"#Formul\u00e1rios-regulamentos-legisla\u00e7\u00e3o\" data-type=\"internal\" data-id=\"#Formul\u00e1rios-regulamentos-legisla\u00e7\u00e3o\">aqui<\/a>.<\/p>\n\n\n\n<hr class=\"wp-block-separator has-text-color has-alpha-channel-opacity has-background is-style-wide\" style=\"background-color:#92318f;color:#92318f\"\/>\n\n\n\n<p id=\"Formul\u00e1rios-regulamentos-legisla\u00e7\u00e3o\"><strong>Formul\u00e1rios, regulamentos e legisla\u00e7\u00e3o<\/strong><\/p>\n\n\n\n<ol class=\"wp-block-list\">\n<li><strong><a href=\"https:\/\/www.ciddic.unicamp.br\/ciddic\/wp-content\/uploads\/2018\/01\/Termo-de-responsabilidade-pelo-uso-e-reproducao-de-documentos.pdf\" target=\"_blank\" rel=\"noreferrer noopener\">Termo de responsabilidade pelo uso e reprodu\u00e7\u00e3o de documentos<\/a><\/strong><\/li>\n\n\n\n<li><strong><a href=\"https:\/\/www.ciddic.unicamp.br\/ciddic\/wp-content\/uploads\/2018\/01\/Cadastro-de-visitantes-CDMC.pdf\" target=\"_blank\" rel=\"noreferrer noopener\">Formul\u00e1rio Cadastro de Visitantes<\/a><\/strong><\/li>\n\n\n\n<li><strong><a href=\"https:\/\/www.ciddic.unicamp.br\/ciddic\/wp-content\/uploads\/2018\/01\/Regulamento-Interno-Acervo-CDMC-em-18-11-2016-aprovado-Conselho-Superior.pdf\" target=\"_blank\" rel=\"noreferrer noopener\">Regulamento Interno do Acervo CDMC<\/a><\/strong><\/li>\n\n\n\n<li><strong><a href=\"https:\/\/www.sbu.unicamp.br\/cadbib-nfs\/b32\/Regulamento%20de%20circulacao%20SBU.pdf\" target=\"_blank\" rel=\"noreferrer noopener\">Regulamento de Circula\u00e7\u00e3o de Materiais Bibliogr\u00e1ficos do SBU<\/a><\/strong><\/li>\n\n\n\n<li><a rel=\"noreferrer noopener\" href=\"https:\/\/www.planalto.gov.br\/ccivil_03\/leis\/L9610.htm\" target=\"_blank\"><strong>Lei Direitos Autorais<\/strong><\/a><\/li>\n\n\n\n<li><a href=\"https:\/\/www.sbu.unicamp.br\/cadbib-nfs\/b32\/002%20(2).pdf\" target=\"_blank\" rel=\"noreferrer noopener\"><strong>Regulamenta\u00e7\u00e3o do empr\u00e9stimo entre bibliotecas (EEB)<\/strong><\/a><\/li>\n<\/ol>\n\n\n\n<hr class=\"wp-block-separator has-text-color has-alpha-channel-opacity has-background is-style-wide\" style=\"background-color:#92318f;color:#92318f\"\/>\n\n\n\n<p><strong>Mapa:<\/strong><\/p>\n\n\n\n<div class=\"su-gmap su-u-responsive-media-yes\"><iframe loading=\"lazy\" width=\"400\" height=\"200\" src=\"\/\/maps.google.com\/maps?q=R.%20Bernardo%20Say%C3%A3o%2C%2038%20-%20Cidade%20Universit%C3%A1ria%2C%20Campinas%20-%20SP%2C%2013083-866&amp;output=embed\" title=\"\"><\/iframe><\/div>\n\n\n\n<p><\/p>\n","protected":false},"excerpt":{"rendered":"<p>Hor\u00e1rio de funcionamento: de segunda a sexta-feira, das 9h00 \u00e0s 17h00; Endere\u00e7o: Centro de Documenta\u00e7\u00e3o de M\u00fasica Contempor\u00e2nea CDMC \/ CIDDIC.Universidade Estadual de Campinas \u2013 UNICAMP.Rua Bernardo Say\u00e3o, n\u00ba 38 \u2013 Bar\u00e3o Geraldo.CEP: 13.083-866 Campinas, SP. Acesso O acesso do p\u00fablico ao acervo CDMC \u00e9 aberto \u00e0 comunidade em geral, sendo poss\u00edvel consultar todos os [&hellip;]<\/p>\n","protected":false},"author":1,"featured_media":0,"parent":541,"menu_order":0,"comment_status":"closed","ping_status":"closed","template":"","meta":{"site-sidebar-layout":"default","site-content-layout":"","ast-site-content-layout":"default","site-content-style":"default","site-sidebar-style":"default","ast-global-header-display":"","ast-banner-title-visibility":"","ast-main-header-display":"","ast-hfb-above-header-display":"","ast-hfb-below-header-display":"","ast-hfb-mobile-header-display":"","site-post-title":"","ast-breadcrumbs-content":"","ast-featured-img":"","footer-sml-layout":"","ast-disable-related-posts":"","theme-transparent-header-meta":"","adv-header-id-meta":"","stick-header-meta":"","header-above-stick-meta":"","header-main-stick-meta":"","header-below-stick-meta":"","astra-migrate-meta-layouts":"set","ast-page-background-enabled":"default","ast-page-background-meta":{"desktop":{"background-color":"var(--ast-global-color-4)","background-image":"","background-repeat":"repeat","background-position":"center center","background-size":"auto","background-attachment":"scroll","background-type":"","background-media":"","overlay-type":"","overlay-color":"","overlay-opacity":"","overlay-gradient":""},"tablet":{"background-color":"","background-image":"","background-repeat":"repeat","background-position":"center center","background-size":"auto","background-attachment":"scroll","background-type":"","background-media":"","overlay-type":"","overlay-color":"","overlay-opacity":"","overlay-gradient":""},"mobile":{"background-color":"","background-image":"","background-repeat":"repeat","background-position":"center center","background-size":"auto","background-attachment":"scroll","background-type":"","background-media":"","overlay-type":"","overlay-color":"","overlay-opacity":"","overlay-gradient":""}},"ast-content-background-meta":{"desktop":{"background-color":"var(--ast-global-color-5)","background-image":"","background-repeat":"repeat","background-position":"center center","background-size":"auto","background-attachment":"scroll","background-type":"","background-media":"","overlay-type":"","overlay-color":"","overlay-opacity":"","overlay-gradient":""},"tablet":{"background-color":"var(--ast-global-color-5)","background-image":"","background-repeat":"repeat","background-position":"center center","background-size":"auto","background-attachment":"scroll","background-type":"","background-media":"","overlay-type":"","overlay-color":"","overlay-opacity":"","overlay-gradient":""},"mobile":{"background-color":"var(--ast-global-color-5)","background-image":"","background-repeat":"repeat","background-position":"center center","background-size":"auto","background-attachment":"scroll","background-type":"","background-media":"","overlay-type":"","overlay-color":"","overlay-opacity":"","overlay-gradient":""}},"footnotes":""},"class_list":["post-781","page","type-page","status-publish","hentry"],"_links":{"self":[{"href":"https:\/\/www.ciddic.unicamp.br\/ciddic\/wp-json\/wp\/v2\/pages\/781","targetHints":{"allow":["GET"]}}],"collection":[{"href":"https:\/\/www.ciddic.unicamp.br\/ciddic\/wp-json\/wp\/v2\/pages"}],"about":[{"href":"https:\/\/www.ciddic.unicamp.br\/ciddic\/wp-json\/wp\/v2\/types\/page"}],"author":[{"embeddable":true,"href":"https:\/\/www.ciddic.unicamp.br\/ciddic\/wp-json\/wp\/v2\/users\/1"}],"replies":[{"embeddable":true,"href":"https:\/\/www.ciddic.unicamp.br\/ciddic\/wp-json\/wp\/v2\/comments?post=781"}],"version-history":[{"count":18,"href":"https:\/\/www.ciddic.unicamp.br\/ciddic\/wp-json\/wp\/v2\/pages\/781\/revisions"}],"predecessor-version":[{"id":30602,"href":"https:\/\/www.ciddic.unicamp.br\/ciddic\/wp-json\/wp\/v2\/pages\/781\/revisions\/30602"}],"up":[{"embeddable":true,"href":"https:\/\/www.ciddic.unicamp.br\/ciddic\/wp-json\/wp\/v2\/pages\/541"}],"wp:attachment":[{"href":"https:\/\/www.ciddic.unicamp.br\/ciddic\/wp-json\/wp\/v2\/media?parent=781"}],"curies":[{"name":"wp","href":"https:\/\/api.w.org\/{rel}","templated":true}]}}