{"id":992,"date":"2018-01-17T14:30:26","date_gmt":"2018-01-17T16:30:26","guid":{"rendered":"https:\/\/www.ciddic.unicamp.br\/ciddic\/?page_id=992"},"modified":"2025-06-25T14:45:11","modified_gmt":"2025-06-25T17:45:11","slug":"kit-de-imprensa-press-kit","status":"publish","type":"page","link":"https:\/\/www.ciddic.unicamp.br\/ciddic\/osu\/kit-de-imprensa-press-kit\/","title":{"rendered":"Kit de imprensa da Orquestra Sinf\u00f4nica da Unicamp (OSU)"},"content":{"rendered":"\n<hr class=\"wp-block-separator has-text-color has-alpha-channel-opacity has-background is-style-wide\" style=\"background-color:#faa61a;color:#faa61a\"\/>\n\n\n\n<h2 class=\"wp-block-heading\">Biografia<\/h2>\n\n\n\n<div class=\"wp-block-query is-layout-flow wp-block-query-is-layout-flow\"><ul class=\"wp-block-post-template is-layout-flow wp-block-post-template-is-layout-flow\"><li class=\"wp-block-post post-2813 post type-post status-publish format-standard hentry category-osu category-sobre-a-osu\">\n<div class=\"entry-content wp-block-post-content is-layout-flow wp-block-post-content-is-layout-flow\"><p><img loading=\"lazy\" decoding=\"async\" class=\"alignnone wp-image-1823 size-full\" src=\"http:\/\/www.ciddic.unicamp.br\/ciddic\/wp-content\/uploads\/2018\/06\/Orquestra-Unicamp_MariliaVasconcellos.jpg\" alt=\"Foto da Orquestra sinf\u00f4nica da Unicamp\" width=\"968\" height=\"400\" srcset=\"https:\/\/www.ciddic.unicamp.br\/ciddic\/wp-content\/uploads\/2018\/06\/Orquestra-Unicamp_MariliaVasconcellos.jpg 968w, https:\/\/www.ciddic.unicamp.br\/ciddic\/wp-content\/uploads\/2018\/06\/Orquestra-Unicamp_MariliaVasconcellos-300x124.jpg 300w, https:\/\/www.ciddic.unicamp.br\/ciddic\/wp-content\/uploads\/2018\/06\/Orquestra-Unicamp_MariliaVasconcellos-768x317.jpg 768w, https:\/\/www.ciddic.unicamp.br\/ciddic\/wp-content\/uploads\/2018\/06\/Orquestra-Unicamp_MariliaVasconcellos-24x10.jpg 24w, https:\/\/www.ciddic.unicamp.br\/ciddic\/wp-content\/uploads\/2018\/06\/Orquestra-Unicamp_MariliaVasconcellos-36x15.jpg 36w, https:\/\/www.ciddic.unicamp.br\/ciddic\/wp-content\/uploads\/2018\/06\/Orquestra-Unicamp_MariliaVasconcellos-48x20.jpg 48w\" sizes=\"auto, (max-width: 968px) 100vw, 968px\" \/><\/p>\n<p><em><strong>Cr\u00e9ditos da foto: Marilia Vasconcellos<\/strong><\/em><\/p>\n<p>A Orquestra Sinf\u00f4nica da Unicamp (OSU) \u00e9 um corpo art\u00edstico profissional, mantido pela Universidade Estadual de Campinas, que est\u00e1 vinculado ao Centro de Integra\u00e7\u00e3o, Documenta\u00e7\u00e3o e Difus\u00e3o Cultural da Unicamp (CIDDIC).<\/p>\n<p>Fundada em 1982, a OSU realiza concertos, \u00f3peras, grava\u00e7\u00f5es, espet\u00e1culos multim\u00eddia, programas de educa\u00e7\u00e3o e forma\u00e7\u00e3o de p\u00fablico, m\u00fasica de c\u00e2mara, atuando paralelamente como laborat\u00f3rio de pesquisa em cria\u00e7\u00e3o e performance musical. Seus projetos tamb\u00e9m incluem o F\u00f3rum Gest\u00e3o Orquestral e Compromisso Social, que tem por objetivo a atualiza\u00e7\u00e3o de l\u00edderes e gestores do meio sinf\u00f4nico, e o Projeto Identidade, M\u00fasica e Arquitetura, em parceria com o Instituto dos Arquitetos do Brasil (IAB), que leva m\u00fasica e hist\u00f3ria aos pr\u00e9dios e espa\u00e7os p\u00fablicos da cidade de Campinas.<\/p>\n<p>Em 2010, lan\u00e7ou o seu primeiro CD, intitulado \u201cNovos Universos Sonoros\u201d, com patroc\u00ednio da Petrobras, que re\u00fane obras in\u00e9ditas de compositores brasileiros, escritas para orquestra e grupos de c\u00e2mara. Gravou, em 2013, o CD \u201cPanorama da M\u00fasica Brasileira Vol. 1\u201d e, em 2018, o CD \u201cTeuto-brasileiro\u201d, contemplado pelo edital FICC.<\/p>\n<p>In\u00fameras produ\u00e7\u00f5es de \u00f3peras foram realizadas em parceria com o \u00d3pera Est\u00fadio Unicamp, o Coral Contempor\u00e2neo de Campinas e o Coral Unicamp Z\u00edper na Boca, tais como, \u201cAs Bodas de F\u00edgaro\u201d, \u201cDon Giovanni\u201d, \u201cO Empres\u00e1rio\u201d e a \u201cFlauta M\u00e1gica\u201d, de W. A. Mozart, e ainda pilares do repert\u00f3rio rom\u00e2ntico, como \u201cO Elixir do Amor\u201d de G. Donizetti, \u201cLa traviata\u201d de G.Verdi, \u201cGianni Schicchi\u201d, de G. Puccini e \u201cO Morcego\u201d de J. Strauss. Paralelamente a obras do repert\u00f3rio l\u00edrico tradicional, a OSU tamb\u00e9m realizou, em 2016, a estreia da \u00f3pera multimodal \u201cDescobertas\u201d de J\u00f4natas Manzolli e a montagem da \u00f3pera barroca \u201cLes Plaisirs de Versailles\u201d, contemplada no edital FICC em 2012.<\/p>\n<p>Com a produ\u00e7\u00e3o da \u201cA Flauta M\u00e1gica\u201d, em 2017, a OSU realizou a primeira \u00f3pera com recursos de acessibilidade da Regi\u00e3o Metropolitana de Campinas.<\/p>\n<\/div>\n\n\n<hr class=\"wp-block-separator has-text-color has-alpha-channel-opacity has-background is-style-wide\" style=\"background-color:#faa61a;color:#faa61a\"\/>\n\n<\/li><\/ul><\/div>\n\n\n\n<div class=\"wp-block-query is-layout-flow wp-block-query-is-layout-flow\"><ul class=\"wp-block-post-template is-layout-flow wp-block-post-template-is-layout-flow\"><li class=\"wp-block-post post-3375 post type-post status-publish format-standard hentry category-musicos-osu category-osu\">\n<div class=\"entry-content wp-block-post-content is-layout-flow wp-block-post-content-is-layout-flow\">\n<h2 class=\"wp-block-heading\"><strong>ORQUESTRA SINF\u00d4NICA DA UNICAMP<\/strong><\/h2>\n\n\n\n<p><strong>DIRETORA ART\u00cdSTICA e REGENTE TITULAR<\/strong><br>Cinthia Alireti<\/p>\n\n\n\n<p><strong>VIOLINOS<\/strong><br>Artur Huf<br>Alexandre Chagas<br>Eder Esli Grangeiro<br>Eduardo Palatim Semencio<br>Everton Amorim<br>Ivenise Nitchepurenco<br>Kleberson Cristiano Figueira Buzo<br>Maurizio Maggio<br>Paulo S\u00e9rgio A. de Brito<br>Renato R\u00e9gis de Almeida<\/p>\n\n\n\n<p><strong>VIOLAS<\/strong><br>Jos\u00e9 Eduardo D\u2019Almeida<br>Frederico Magalh\u00e3es<br>Marcos Rontani<strong>*<\/strong><br>Giovanni Barbosa Melo<br>Victor R. Ribeiro<\/p>\n\n\n\n<p><strong>VIOLONCELOS<\/strong><br>Lara Ziggiatti Monteiro<br>Daniel Pinto Lessa<br>Meila Tom\u00e9<\/p>\n\n\n\n<p><strong>CONTRABAIXOS<\/strong><br>Sergio Luiz Pinto<br>Filipe Augusto Vieira da Costa<\/p>\n\n\n\n<p><strong>FLAUTAS<\/strong><br>Rog\u00e9rio Peruchi<\/p>\n\n\n\n<p><strong>OBO\u00c9S<\/strong><br>Jo\u00e3o Carlos Goehring<br>Martin Lazarov<\/p>\n\n\n\n<p><strong>CLARINETES<\/strong><br>Cleyton J. Tomazela<br>Eduardo P. Freitas<\/p>\n\n\n\n<p><strong>FAGOTES<\/strong><br>Francisco J. F. Amstalden<br>Alexandre J. Abreu<\/p>\n\n\n\n<p><strong>TROMPAS<\/strong><br>Silvio Batista<br>Bruno Lopes Demarque<\/p>\n\n\n\n<p><strong>TROMPETES<\/strong><br>Samuel Brisolla<br>Oscarindo Roque Filho<\/p>\n\n\n\n<p><strong>TROMBONES<\/strong><br>Jo\u00e3o Jos\u00e9 Leite<br>Fernando Orsini Hehl<\/p>\n\n\n\n<p><strong>TUBA<\/strong><br>Paulo C\u00e9sar da Silva<\/p>\n\n\n\n<p><strong>T\u00cdMPANOS\/PERCUSS\u00c3O<\/strong><br>Orival Tarciso Boreli<br>Fernanda V. Vieira<\/p>\n\n\n\n<p><strong>*<\/strong>Assistente de dire\u00e7\u00e3o<\/p>\n<\/div>\n\n\n<hr class=\"wp-block-separator has-text-color has-alpha-channel-opacity has-background is-style-wide\" style=\"background-color:#faa61a;color:#faa61a\"\/>\n\n<\/li><\/ul><\/div>\n\n\n\n<h2 class=\"wp-block-heading\">Centro de Integra\u00e7\u00e3o, Documenta\u00e7\u00e3o e Difus\u00e3o Cultural da Unicamp (CIDDIC)<\/h2>\n\n\n\n<div class=\"wp-block-query is-layout-flow wp-block-query-is-layout-flow\"><ul class=\"wp-block-post-template is-layout-flow wp-block-post-template-is-layout-flow\"><li class=\"wp-block-post post-29114 post type-post status-publish format-standard hentry category-equipe-ciddic category-osu\">\n<div class=\"entry-content wp-block-post-content is-layout-flow wp-block-post-content-is-layout-flow\">\n<p><strong>COORDENA\u00c7\u00c3O<\/strong><br>Mauricy Matos Martin<\/p>\n\n\n\n<p><strong>ADMINISTRA\u00c7\u00c3O<\/strong><br>Dire\u00e7\u00e3o Administrativa \u2013 Guilherme Kawakami<br>Administra\u00e7\u00e3o e Rela\u00e7\u00f5es Externas \u2013 Elizabeth Corn\u00e9lio<br>Apoio Administrativo &#8211; Daniela Martins e Julia Franco Llanos<br>Recursos Humanos \u2013 Vladimir Franco<br>Executivo-financeiro \u2013 Rog\u00e9rio Louren\u00e7o<br>Profissional de T.I \u2013 Douglas Borges<\/p>\n\n\n\n<p><strong>PRODU\u00c7\u00c3O-EXECUTIVA<\/strong><br>Produtor Cultural \u2013 Acauan Fortes Normanton<\/p>\n\n\n\n<p><strong>ARQUIVO DA OSU<\/strong><br>Arquivista \u2013 Leandro Ligocki<\/p>\n\n\n\n<p><strong>BOLSISTAS<\/strong><br>Pietra Branco<br>Gabriela F\u00e1varo<br>Lucas Rocha<br>Jecino Nascimento da Silva<br>Ananda Monteiro Dos Santos Oliveira<\/p>\n<\/div>\n\n\n<hr class=\"wp-block-separator has-text-color has-alpha-channel-opacity has-background is-style-wide\" style=\"background-color:#faa61a;color:#faa61a\"\/>\n\n<\/li><\/ul><\/div>\n\n\n\n<h2 class=\"wp-block-heading\">Cinthia Alireti (biografia longa)<\/h2>\n\n\n\n<div class=\"wp-block-query is-layout-flow wp-block-query-is-layout-flow\"><ul class=\"wp-block-post-template is-layout-flow wp-block-post-template-is-layout-flow\"><li class=\"wp-block-post post-1927 post type-post status-publish format-standard hentry category-biografias category-kit-imprensa-osu category-osu\">\n<div class=\"entry-content wp-block-post-content is-layout-flow wp-block-post-content-is-layout-flow\"><p>Cinthia Alireti e\u0301 a regente titular e co-diretora arti\u0301stica da Orquestra Sinfo\u0302nica da Unicamp (OSU) desde 2012. Sob sua direc\u0327a\u0303o, destacam-se as produc\u0327o\u0303es das o\u0301peras A Moreninha, de Ernst Mahle (2022), O Morcego, de Johann Strauss (2019), La Traviata, de Giuseppe Verdi (2018), A Flauta Ma\u0301gica, de W.A. Mozart (2017), O Elixir do Amor, de Gaetano Donizetti (2016), e a estreia, no mesmo ano, da o\u0301pera multimodal Descobertas de J. Manzolli. Ale\u0301m de sua atuac\u0327a\u0303o em Campinas, tem colaborado como regente convidada a\u0300 frente de diversas orquestras, coros e ensembles, tais como, Orquestra Sinfo\u0302nica Nacional do Teatro Cla\u0301udio Santoro, Orquestra Sinfo\u0302nica do Espi\u0301rito Santo, Orquestra Sinfo\u0302nica Municipal de Campinas, Orquestra Theatro Sa\u0303o Pedro (Porto Alegre), Collegium musicum Potsdam (Alemanha), Ensemble Abstrai (Rio de Janeiro), Fe\u0302nix de los Ingenios (EUA), BLEMF Orchestra (EUA), do Coro Mixto Ciudad de Quito (Teatro Sucre), coro da New European Philharmonic (Paris), Ensemble Vocal Dolce Tempo e Ensemble Instrumental Musili (Paris), Orchestre Symphonique Ars Fidelis (Paris), entre outros.<\/p>\n<p>Contribui extensivamente para a difusa\u0303o de composic\u0327o\u0303es contempora\u0302neas e tambe\u0301m cla\u0301ssicos da literatura do se\u0301culo XX no seu pai\u0301s. Em 2017, criou o primeiro &#8220;Encontro de Mu\u0301sica Contempora\u0302nea OSU&#8221;, que combina performances musicais com apresentac\u0327o\u0303es educativas de mu\u0301sica contempora\u0302nea, incluindo entrevistas ao vivo. Paralelamente a\u0300 mu\u0301sica contempora\u0302nea, seu interesse pela interpretac\u0327a\u0303o historicamente informada levou a colaborac\u0327o\u0303es com autoridades do mundo da mu\u0301sica antiga, como o violinista Stanley Ritchie, Paul Elliott, Eva Lege\u0302ne, Barry Bauguess, Paige Whitley-Bauguess, Sherezade Panthaki, Daniel Bubeck e Elisabeth Wright, com quem estudou cravo durante seu doutorado na Universidade de Indiana (EUA). No mesmo peri\u0301odo, fundou o Anima e Corpo Ensemble, grupo vocal e instrumental dedicado a performances de o\u0301peras barrocas. Em 2008, foi convidada para dirigir a o\u0301pera Tigrane, de Alessandro Scarlatti, com instrumentos de e\u0301poca, durante o Bloomington Early Music Festival (BLEMF, EUA).<\/p>\n<p>Foi idealizadora e coordenadora das tre\u0302s edic\u0327o\u0303es do &#8220;Fo\u0301rum Gesta\u0303o Orquestral e Compromisso Social\u201d, evento em parceria com o Ciddic (Centro de Integrac\u0327a\u0303o, Documentac\u0327a\u0303o e Difusa\u0303o Cultural), o qual reuniu personalidades relevantes da mu\u0301sica cla\u0301ssica, com o objetivo de discutir melhorias no ecossistema da mu\u0301sica de concerto. Tambe\u0301m idealizou e coordenou o \u201dProjeto Identidade, Mu\u0301sica e Arquitetura\u201d, ac\u0327a\u0303o cultural em parceria com o Instituto dos Arquitetos do Brasil (IAB), que combina performances de mu\u0301sica cla\u0301ssica com histo\u0301rias dos patrimo\u0302nios da cidade de Campinas.<\/p>\n<p>Importantes maestros contribui\u0301ram para sua formac\u0327a\u0303o, entre eles, Marc Minkowski, Ton Koopman, John Poole, Roberto Paternostro, Juan Pablo Isquierdo, John Nelson, Kenneth Kiesler, Rodolfo Fischer, Carmen Helena Tellez, Jan Harrington, Imre Pallo\u0301 e Thomas Baldner. Durante sua graduac\u0327a\u0303o, aperfeic\u0327oou-se em piano com Gilberto Tinetti e em composic\u0327a\u0303o com Willy Corre\u0302a de Oliveira. Na a\u0301rea de canto li\u0301rico, estudou com grandes nomes do cena\u0301rio li\u0301rico brasileiro, tais como, Lenice Prioli, Ade\u0301lia Issa, Benito Maresca e Vesna Bankovic, e nos Estados Unidos, com a soprano polonesa Teresa Kubiak e o tenor ingle\u0302s Paul Elliott, com quem se aperfeic\u0327oou em canto barroco.<\/p>\n<p>Possui mestrado e doutorado em rege\u0302ncia coral e orquestral, com especializac\u0327a\u0303o em mu\u0301sica antiga na Universidade de Indiana (Bloomington, EUA), bacharelados em Composic\u0327a\u0303o Musical (Universidade de Sa\u0303o Paulo) e em Publicidade e Propaganda (Faculdade Armando A\u0301lvares Penteado), e mestrado franco-alema\u0303o em musicologia na Universidade de Paris\u2013Sorbonne e na Universidade de Saarland (Alemanha). Como musico\u0301loga, realizou edic\u0327o\u0303es cri\u0301ticas de o\u0301peras barrocas para duas edic\u0327o\u0303es do Festival della Valle d\u2019Itria na Ita\u0301lia (2014, 2016), utilizadas em apresentac\u0327o\u0303es ao vivo, transmisso\u0303es pela RAI e registros em CDs.<\/p>\n<p><strong><a href=\"http:\/\/www.cinthiaalireti.com\" target=\"_blank\" rel=\"noopener\">www.cinthiaalireti.com<\/a><\/strong><\/p>\n<\/div>\n\n\n<hr class=\"wp-block-separator has-text-color has-alpha-channel-opacity has-background is-style-wide\" style=\"background-color:#faa61a;color:#faa61a\"\/>\n\n<\/li><\/ul><\/div>\n\n\n\n<h2 class=\"wp-block-heading\">Cinthia Alireti (biografia curta)<\/h2>\n\n\n\n<div class=\"wp-block-query is-layout-flow wp-block-query-is-layout-flow\"><ul class=\"wp-block-post-template is-layout-flow wp-block-post-template-is-layout-flow\"><li class=\"wp-block-post post-1932 post type-post status-publish format-standard hentry category-biografias category-kit-imprensa-osu category-osu\">\n<div class=\"entry-content wp-block-post-content is-layout-flow wp-block-post-content-is-layout-flow\"><p>Cinthia Alireti e\u0301 a regente titular e co-diretora arti\u0301stica da Orquestra Sinfo\u0302nica da Unicamp (OSU). Tem se destacado como diretora musical de diversas produc\u0327o\u0303es de o\u0301peras, tais como, O Morcego, de Johann Strauss, La Traviata, de Giuseppe Verdi, A Flauta Ma\u0301gica, de W.A. Mozart, O Elixir do Amor, de Gaetano Donizetti, Tigrane, de Alessandro Scarlatti, realizada com instrumentos originais, A Moreninha, de Ernst Mahle, e a o\u0301pera multimodal Descobertas de J. Manzolli. Sob sua direc\u0327a\u0303o, constam inu\u0301meras estreias de obras sinfo\u0302nicas e vocais, a realizac\u0327a\u0303o de projetos multidisciplinares, performances historicamente informadas, juntamente com cla\u0301ssicos da literatura sinfo\u0302nica. Paralelamente a\u0300 sua atuac\u0327a\u0303o como regente titular da OSU, tem colaborado como regente convidada em outras localidades no Brasil, na Alemanha, na Franc\u0327a, no Equador e nos Estados Unidos. Paralelamente a\u0300 atividade arti\u0301stica, vem fomentando o desenvolvimento do ecossistema da mu\u0301sica de concerto no Brasil, atrave\u0301s de eventos para discussa\u0303o e informac\u0327a\u0303o sobre o tema, com a participac\u0327a\u0303o de importantes personalidades do meio, tais como, o fo\u0301rum Gesta\u0303o orquestral e Compromisso Social e o simpo\u0301sio internacional Mulheres na Mu\u0301sica de Concerto Hoje.<\/p>\n<p>Possui mestrado e doutorado em rege\u0302ncia coral e orquestral, com especializac\u0327a\u0303o em mu\u0301sica antiga na Universidade de Indiana (Bloomington, EUA), bacharelados em Composic\u0327a\u0303o Musical (Universidade de Sa\u0303o Paulo) e em Publicidade e Propaganda (Faculdade Armando A\u0301lvares Penteado) e mestrado franco-alema\u0303o em musicologia na Universidade de Paris\u2013Sorbonne e na Universidade de Saarland (Alemanha).<\/p>\n<\/div>\n\n\n<hr class=\"wp-block-separator has-text-color has-alpha-channel-opacity has-background is-style-wide\" style=\"background-color:#faa61a;color:#faa61a\"\/>\n\n<\/li><\/ul><\/div>\n\n\n\n<h2 class=\"wp-block-heading\">Logotipos<\/h2>\n\n\n\n<div class=\"wp-block-query is-layout-flow wp-block-query-is-layout-flow\"><ul class=\"wp-block-post-template is-layout-flow wp-block-post-template-is-layout-flow\"><li class=\"wp-block-post post-1897 post type-post status-publish format-standard hentry category-kit-imprensa-osu category-osu\">\n<div class=\"entry-content wp-block-post-content is-layout-flow wp-block-post-content-is-layout-flow\"><p>Logotipos da OSU\/CIDDIC<\/p>\n<p><a href=\"https:\/\/drive.google.com\/drive\/folders\/1ckwAkCuYf4VR1uFyVcg9qqpmB2mJyflS?usp=drive_link\" target=\"_blank\" rel=\"noopener\">https:\/\/drive.google.com\/drive\/folders\/1ckwAkCuYf4VR1uFyVcg9qqpmB2mJyflS?usp=drive_link<\/a><\/p>\n<p>&nbsp;<\/p>\n<\/div>\n\n\n<hr class=\"wp-block-separator has-text-color has-alpha-channel-opacity has-background is-style-wide\" style=\"background-color:#faa61a;color:#faa61a\"\/>\n\n<\/li><\/ul><\/div>\n\n\n\n<h2 class=\"wp-block-heading\">Fotos OSU e Cinthia Alireti<\/h2>\n\n\n\n<div class=\"wp-block-query is-layout-flow wp-block-query-is-layout-flow\"><ul class=\"wp-block-post-template is-layout-flow wp-block-post-template-is-layout-flow\"><li class=\"wp-block-post post-994 post type-post status-publish format-standard hentry category-fotos-osu category-osu\">\n<div class=\"entry-content wp-block-post-content is-layout-flow wp-block-post-content-is-layout-flow\"><p><strong><span class=\"image-caption current\"><em>Cr\u00e9dito das fotos: Marilia Vasconcellos e Amaury Sim\u00f5es<br \/>\n<\/em><\/span><\/strong><\/p>\n<p><div class=\"su-custom-gallery su-custom-gallery-align-left su-custom-gallery-title-never su-lightbox-gallery\"><div class=\"su-custom-gallery-slide\" style=\"width:250px;height:250px\"><a href=\"https:\/\/www.ciddic.unicamp.br\/ciddic\/wp-content\/uploads\/2018\/01\/MG_0289_r.jpg\" title=\"_MG_0289_r\"><img loading=\"lazy\" decoding=\"async\" src=\"https:\/\/www.ciddic.unicamp.br\/ciddic\/wp-content\/uploads\/2018\/01\/MG_0289_r-250x250.jpg\" alt=\"_MG_0289_r\" width=\"250\" height=\"250\" \/><span class=\"su-custom-gallery-title\">_MG_0289_r<\/span><\/a><\/div><div class=\"su-custom-gallery-slide\" style=\"width:250px;height:250px\"><a href=\"https:\/\/www.ciddic.unicamp.br\/ciddic\/wp-content\/uploads\/2018\/01\/MG_0305_r.jpg\" title=\"_MG_0305_r\"><img loading=\"lazy\" decoding=\"async\" src=\"https:\/\/www.ciddic.unicamp.br\/ciddic\/wp-content\/uploads\/2018\/01\/MG_0305_r-250x250.jpg\" alt=\"_MG_0305_r\" width=\"250\" height=\"250\" \/><span class=\"su-custom-gallery-title\">_MG_0305_r<\/span><\/a><\/div><div class=\"su-custom-gallery-slide\" style=\"width:250px;height:250px\"><a href=\"https:\/\/www.ciddic.unicamp.br\/ciddic\/wp-content\/uploads\/2018\/01\/MG_0324_r.jpg\" title=\"_MG_0324_r\"><img loading=\"lazy\" decoding=\"async\" src=\"https:\/\/www.ciddic.unicamp.br\/ciddic\/wp-content\/uploads\/2018\/01\/MG_0324_r-250x250.jpg\" alt=\"_MG_0324_r\" width=\"250\" height=\"250\" \/><span class=\"su-custom-gallery-title\">_MG_0324_r<\/span><\/a><\/div><div class=\"su-custom-gallery-slide\" style=\"width:250px;height:250px\"><a href=\"https:\/\/www.ciddic.unicamp.br\/ciddic\/wp-content\/uploads\/2018\/01\/Orquestra-Unicamp_MariliaVasconcellos_coletivas_01_r.jpg\" title=\"Orquestra Unicamp_MariliaVasconcellos_coletivas_01_r\"><img loading=\"lazy\" decoding=\"async\" src=\"https:\/\/www.ciddic.unicamp.br\/ciddic\/wp-content\/uploads\/2018\/01\/Orquestra-Unicamp_MariliaVasconcellos_coletivas_01_r-250x250.jpg\" alt=\"Orquestra Unicamp_MariliaVasconcellos_coletivas_01_r\" width=\"250\" height=\"250\" \/><span class=\"su-custom-gallery-title\">Orquestra Unicamp_MariliaVasconcellos_coletivas_01_r<\/span><\/a><\/div><div class=\"su-custom-gallery-slide\" style=\"width:250px;height:250px\"><a href=\"https:\/\/www.ciddic.unicamp.br\/ciddic\/wp-content\/uploads\/2018\/01\/Orquestra-Unicamp_MariliaVasconcellos_coletivas_05_r.jpg\" title=\"Orquestra Unicamp_MariliaVasconcellos_coletivas_05_r\"><img loading=\"lazy\" decoding=\"async\" src=\"https:\/\/www.ciddic.unicamp.br\/ciddic\/wp-content\/uploads\/2018\/01\/Orquestra-Unicamp_MariliaVasconcellos_coletivas_05_r-250x250.jpg\" alt=\"Orquestra Unicamp_MariliaVasconcellos_coletivas_05_r\" width=\"250\" height=\"250\" \/><span class=\"su-custom-gallery-title\">Orquestra Unicamp_MariliaVasconcellos_coletivas_05_r<\/span><\/a><\/div><div class=\"su-custom-gallery-slide\" style=\"width:250px;height:250px\"><a href=\"https:\/\/www.ciddic.unicamp.br\/ciddic\/wp-content\/uploads\/2018\/01\/Alireti_2_acao_r.jpg\" title=\"Alireti_2_acao_r\"><img loading=\"lazy\" decoding=\"async\" src=\"https:\/\/www.ciddic.unicamp.br\/ciddic\/wp-content\/uploads\/2018\/01\/Alireti_2_acao_r-250x250.jpg\" alt=\"Alireti_2_acao_r\" width=\"250\" height=\"250\" \/><span class=\"su-custom-gallery-title\">Alireti_2_acao_r<\/span><\/a><\/div><div class=\"su-custom-gallery-slide\" style=\"width:250px;height:250px\"><a href=\"https:\/\/www.ciddic.unicamp.br\/ciddic\/wp-content\/uploads\/2021\/11\/0339-CINTHIA-ALIRETI-foto-de-Amaury-Simoes.jpg\" title=\"CINTHIA ALIRETI &#8211; cr\u00e9ditos a Amaury Sim\u00f5es\"><img loading=\"lazy\" decoding=\"async\" src=\"https:\/\/www.ciddic.unicamp.br\/ciddic\/wp-content\/uploads\/2021\/11\/0339-CINTHIA-ALIRETI-foto-de-Amaury-Simoes-250x250.jpg\" alt=\"CINTHIA ALIRETI &#8211; cr\u00e9ditos a Amaury Sim\u00f5es\" width=\"250\" height=\"250\" \/><span class=\"su-custom-gallery-title\">CINTHIA ALIRETI &#8211; cr\u00e9ditos a Amaury Sim\u00f5es<\/span><\/a><\/div><div class=\"su-custom-gallery-slide\" style=\"width:250px;height:250px\"><a href=\"https:\/\/www.ciddic.unicamp.br\/ciddic\/wp-content\/uploads\/2021\/11\/Alireti_cravo_1.jpeg\" title=\"Cinthia Alireti ao cravo\"><img loading=\"lazy\" decoding=\"async\" src=\"https:\/\/www.ciddic.unicamp.br\/ciddic\/wp-content\/uploads\/2021\/11\/Alireti_cravo_1-250x250.jpeg\" alt=\"Cinthia Alireti ao cravo\" width=\"250\" height=\"250\" \/><span class=\"su-custom-gallery-title\">Cinthia Alireti ao cravo<\/span><\/a><\/div><div class=\"su-clear\"><\/div><\/div><\/p>\n<\/div>\n<\/li><\/ul>\n\n\n\n<\/div>\n","protected":false},"excerpt":{"rendered":"<p>Biografia Centro de Integra\u00e7\u00e3o, Documenta\u00e7\u00e3o e Difus\u00e3o Cultural da Unicamp (CIDDIC) Cinthia Alireti (biografia longa) Cinthia Alireti (biografia curta) Logotipos Fotos OSU e Cinthia Alireti<\/p>\n","protected":false},"author":1,"featured_media":0,"parent":396,"menu_order":0,"comment_status":"closed","ping_status":"closed","template":"","meta":{"site-sidebar-layout":"default","site-content-layout":"","ast-site-content-layout":"default","site-content-style":"default","site-sidebar-style":"default","ast-global-header-display":"","ast-banner-title-visibility":"","ast-main-header-display":"","ast-hfb-above-header-display":"","ast-hfb-below-header-display":"","ast-hfb-mobile-header-display":"","site-post-title":"","ast-breadcrumbs-content":"","ast-featured-img":"","footer-sml-layout":"","ast-disable-related-posts":"","theme-transparent-header-meta":"","adv-header-id-meta":"","stick-header-meta":"","header-above-stick-meta":"","header-main-stick-meta":"","header-below-stick-meta":"","astra-migrate-meta-layouts":"set","ast-page-background-enabled":"default","ast-page-background-meta":{"desktop":{"background-color":"var(--ast-global-color-4)","background-image":"","background-repeat":"repeat","background-position":"center center","background-size":"auto","background-attachment":"scroll","background-type":"","background-media":"","overlay-type":"","overlay-color":"","overlay-opacity":"","overlay-gradient":""},"tablet":{"background-color":"","background-image":"","background-repeat":"repeat","background-position":"center center","background-size":"auto","background-attachment":"scroll","background-type":"","background-media":"","overlay-type":"","overlay-color":"","overlay-opacity":"","overlay-gradient":""},"mobile":{"background-color":"","background-image":"","background-repeat":"repeat","background-position":"center center","background-size":"auto","background-attachment":"scroll","background-type":"","background-media":"","overlay-type":"","overlay-color":"","overlay-opacity":"","overlay-gradient":""}},"ast-content-background-meta":{"desktop":{"background-color":"var(--ast-global-color-5)","background-image":"","background-repeat":"repeat","background-position":"center center","background-size":"auto","background-attachment":"scroll","background-type":"","background-media":"","overlay-type":"","overlay-color":"","overlay-opacity":"","overlay-gradient":""},"tablet":{"background-color":"var(--ast-global-color-5)","background-image":"","background-repeat":"repeat","background-position":"center center","background-size":"auto","background-attachment":"scroll","background-type":"","background-media":"","overlay-type":"","overlay-color":"","overlay-opacity":"","overlay-gradient":""},"mobile":{"background-color":"var(--ast-global-color-5)","background-image":"","background-repeat":"repeat","background-position":"center center","background-size":"auto","background-attachment":"scroll","background-type":"","background-media":"","overlay-type":"","overlay-color":"","overlay-opacity":"","overlay-gradient":""}},"footnotes":""},"class_list":["post-992","page","type-page","status-publish","hentry"],"_links":{"self":[{"href":"https:\/\/www.ciddic.unicamp.br\/ciddic\/wp-json\/wp\/v2\/pages\/992","targetHints":{"allow":["GET"]}}],"collection":[{"href":"https:\/\/www.ciddic.unicamp.br\/ciddic\/wp-json\/wp\/v2\/pages"}],"about":[{"href":"https:\/\/www.ciddic.unicamp.br\/ciddic\/wp-json\/wp\/v2\/types\/page"}],"author":[{"embeddable":true,"href":"https:\/\/www.ciddic.unicamp.br\/ciddic\/wp-json\/wp\/v2\/users\/1"}],"replies":[{"embeddable":true,"href":"https:\/\/www.ciddic.unicamp.br\/ciddic\/wp-json\/wp\/v2\/comments?post=992"}],"version-history":[{"count":82,"href":"https:\/\/www.ciddic.unicamp.br\/ciddic\/wp-json\/wp\/v2\/pages\/992\/revisions"}],"predecessor-version":[{"id":29121,"href":"https:\/\/www.ciddic.unicamp.br\/ciddic\/wp-json\/wp\/v2\/pages\/992\/revisions\/29121"}],"up":[{"embeddable":true,"href":"https:\/\/www.ciddic.unicamp.br\/ciddic\/wp-json\/wp\/v2\/pages\/396"}],"wp:attachment":[{"href":"https:\/\/www.ciddic.unicamp.br\/ciddic\/wp-json\/wp\/v2\/media?parent=992"}],"curies":[{"name":"wp","href":"https:\/\/api.w.org\/{rel}","templated":true}]}}